{"id":1337,"date":"2024-05-23T18:27:10","date_gmt":"2024-05-23T18:27:10","guid":{"rendered":"http:\/\/gge.local\/?page_id=1337"},"modified":"2024-06-15T17:46:09","modified_gmt":"2024-06-15T17:46:09","slug":"notas-de-prensa-2024","status":"publish","type":"page","link":"https:\/\/globalgreeneurope.com\/en\/notas-de-prensa\/notas-de-prensa-2024\/","title":{"rendered":"2024"},"content":{"rendered":"<div data-elementor-type=\"wp-page\" data-elementor-id=\"1337\" class=\"elementor elementor-1337\" data-elementor-post-type=\"page\">\n\t\t\t\t<div class=\"elementor-element elementor-element-2c00bc7 e-con-full e-flex e-con e-parent\" data-id=\"2c00bc7\" data-element_type=\"container\" data-e-type=\"container\" data-settings=\"{&quot;background_background&quot;:&quot;classic&quot;}\">\n\t\t<div class=\"elementor-element elementor-element-a60c955 e-flex e-con-boxed e-con e-child\" data-id=\"a60c955\" data-element_type=\"container\" data-e-type=\"container\">\n\t\t\t\t\t<div class=\"e-con-inner\">\n\t\t\t\t<div class=\"elementor-element elementor-element-95f05a3 elementor-widget elementor-widget-text-editor\" data-id=\"95f05a3\" data-element_type=\"widget\" data-e-type=\"widget\" data-widget_type=\"text-editor.default\">\n\t\t\t\t<div class=\"elementor-widget-container\">\n\t\t\t\t\t\t\t\t\t<p><a style=\"font-size: 14px; font-weight: 400; color: #fff; text-decoration: none;\" href=\"https:\/\/globalgreeneurope.com\/en\/\">Home<\/a> <span style=\"font-size: 14px; font-weight: 400; color: #fff;\">&gt;&gt; <\/span><span style=\"font-size: 14px; font-weight: 400; color: #fff;\">Press releases<\/span><\/p>\n<h2 style=\"font-size: 40px; font-weight: 500; color: #fff;\">2024<\/h2>\t\t\t\t\t\t\t\t<\/div>\n\t\t\t\t<\/div>\n\t\t\t\t\t<\/div>\n\t\t\t\t<\/div>\n\t\t\t\t<\/div>\n\t\t<div class=\"elementor-element elementor-element-43643cb e-flex e-con-boxed e-con e-parent\" data-id=\"43643cb\" data-element_type=\"container\" data-e-type=\"container\">\n\t\t\t\t\t<div class=\"e-con-inner\">\n\t\t\t\t<div class=\"elementor-element elementor-element-39e001d elementor-widget elementor-widget-spacer\" data-id=\"39e001d\" data-element_type=\"widget\" data-e-type=\"widget\" data-widget_type=\"spacer.default\">\n\t\t\t\t<div class=\"elementor-widget-container\">\n\t\t\t\t\t\t\t<div class=\"elementor-spacer\">\n\t\t\t<div class=\"elementor-spacer-inner\"><\/div>\n\t\t<\/div>\n\t\t\t\t\t\t<\/div>\n\t\t\t\t<\/div>\n\t\t\t\t\t<\/div>\n\t\t\t\t<\/div>\n\t\t<div class=\"elementor-element elementor-element-8d2af1c e-flex e-con-boxed e-con e-parent\" data-id=\"8d2af1c\" data-element_type=\"container\" data-e-type=\"container\">\n\t\t\t\t\t<div class=\"e-con-inner\">\n\t\t\t\t<div class=\"elementor-element elementor-element-9d223db elementor-widget elementor-widget-text-editor\" data-id=\"9d223db\" data-element_type=\"widget\" data-e-type=\"widget\" data-widget_type=\"text-editor.default\">\n\t\t\t\t<div class=\"elementor-widget-container\">\n\t\t\t\t\t\t\t\t\t<p>The GGE press kit contains information about the company, sales data, the development of its workforce, as well as services and activities in the field of Corporate Responsibility during the year 2024.<\/p>\t\t\t\t\t\t\t\t<\/div>\n\t\t\t\t<\/div>\n\t\t\t\t<div class=\"elementor-element elementor-element-a7f062f elementor-widget elementor-widget-button\" data-id=\"a7f062f\" data-element_type=\"widget\" data-e-type=\"widget\" data-widget_type=\"button.default\">\n\t\t\t\t<div class=\"elementor-widget-container\">\n\t\t\t\t\t\t\t\t\t<div class=\"elementor-button-wrapper\">\n\t\t\t\t\t<a class=\"elementor-button elementor-button-link elementor-size-sm\" href=\"https:\/\/globalgreeneurope.com\/en\/?page_id=18(abre%20en%20una%20nueva%20pesta\u00f1a)\">\n\t\t\t\t\t\t<span class=\"elementor-button-content-wrapper\">\n\t\t\t\t\t\t<span class=\"elementor-button-icon\">\n\t\t\t\t<svg aria-hidden=\"true\" class=\"e-font-icon-svg e-fas-chevron-circle-left\" viewbox=\"0 0 512 512\" xmlns=\"http:\/\/www.w3.org\/2000\/svg\"><path d=\"M256 504C119 504 8 393 8 256S119 8 256 8s248 111 248 248-111 248-248 248zM142.1 273l135.5 135.5c9.4 9.4 24.6 9.4 33.9 0l17-17c9.4-9.4 9.4-24.6 0-33.9L226.9 256l101.6-101.6c9.4-9.4 9.4-24.6 0-33.9l-17-17c-9.4-9.4-24.6-9.4-33.9 0L142.1 239c-9.4 9.4-9.4 24.6 0 34z\"><\/path><\/svg>\t\t\t<\/span>\n\t\t\t\t\t\t\t\t\t<span class=\"elementor-button-text\">SEE OTHER YEARS<\/span>\n\t\t\t\t\t<\/span>\n\t\t\t\t\t<\/a>\n\t\t\t\t<\/div>\n\t\t\t\t\t\t\t\t<\/div>\n\t\t\t\t<\/div>\n\t\t\t\t<div class=\"elementor-element elementor-element-fbfd5b3 elementor-widget elementor-widget-spacer\" data-id=\"fbfd5b3\" data-element_type=\"widget\" data-e-type=\"widget\" data-widget_type=\"spacer.default\">\n\t\t\t\t<div class=\"elementor-widget-container\">\n\t\t\t\t\t\t\t<div class=\"elementor-spacer\">\n\t\t\t<div class=\"elementor-spacer-inner\"><\/div>\n\t\t<\/div>\n\t\t\t\t\t\t<\/div>\n\t\t\t\t<\/div>\n\t\t<div class=\"elementor-element elementor-element-fb8f9a5 e-flex e-con-boxed e-con e-child\" data-id=\"fb8f9a5\" data-element_type=\"container\" data-e-type=\"container\">\n\t\t\t\t\t<div class=\"e-con-inner\">\n\t\t\t\t<div class=\"elementor-element elementor-element-2598fa8 elementor-widget elementor-widget-heading\" data-id=\"2598fa8\" data-element_type=\"widget\" data-e-type=\"widget\" data-widget_type=\"heading.default\">\n\t\t\t\t<div class=\"elementor-widget-container\">\n\t\t\t\t\t<h2 class=\"elementor-heading-title elementor-size-default\">January<\/h2>\t\t\t\t<\/div>\n\t\t\t\t<\/div>\n\t\t\t\t\t<\/div>\n\t\t\t\t<\/div>\n\t\t\t\t\t<\/div>\n\t\t\t\t<\/div>\n\t\t<div class=\"elementor-element elementor-element-a6ac34e e-grid e-con-boxed e-con e-parent\" data-id=\"a6ac34e\" data-element_type=\"container\" data-e-type=\"container\">\n\t\t\t\t\t<div class=\"e-con-inner\">\n\t\t<div class=\"elementor-element elementor-element-6fb57e0 e-flex e-con-boxed e-con e-child\" data-id=\"6fb57e0\" data-element_type=\"container\" data-e-type=\"container\">\n\t\t\t\t\t<div class=\"e-con-inner\">\n\t\t<div class=\"elementor-element elementor-element-37bbfff e-con-full e-flex e-con e-child\" data-id=\"37bbfff\" data-element_type=\"container\" data-e-type=\"container\">\n\t\t\t\t<div class=\"elementor-element elementor-element-1e53548 elementor-widget elementor-widget-image\" data-id=\"1e53548\" data-element_type=\"widget\" data-e-type=\"widget\" data-widget_type=\"image.default\">\n\t\t\t\t<div class=\"elementor-widget-container\">\n\t\t\t\t\t\t\t\t\t\t\t\t\t\t\t<img fetchpriority=\"high\" decoding=\"async\" width=\"1000\" height=\"1000\" src=\"https:\/\/globalgreeneurope.com\/wp-content\/uploads\/2024\/06\/293043772_10162699944209896_9179486963119551570_n.jpg\" class=\"attachment-full size-full wp-image-5601\" alt=\"\" srcset=\"https:\/\/globalgreeneurope.com\/wp-content\/uploads\/2024\/06\/293043772_10162699944209896_9179486963119551570_n.jpg 1000w, https:\/\/globalgreeneurope.com\/wp-content\/uploads\/2024\/06\/293043772_10162699944209896_9179486963119551570_n-300x300.jpg 300w, https:\/\/globalgreeneurope.com\/wp-content\/uploads\/2024\/06\/293043772_10162699944209896_9179486963119551570_n-150x150.jpg 150w, https:\/\/globalgreeneurope.com\/wp-content\/uploads\/2024\/06\/293043772_10162699944209896_9179486963119551570_n-768x768.jpg 768w, https:\/\/globalgreeneurope.com\/wp-content\/uploads\/2024\/06\/293043772_10162699944209896_9179486963119551570_n-12x12.jpg 12w, https:\/\/globalgreeneurope.com\/wp-content\/uploads\/2024\/06\/elementor\/thumbs\/293043772_10162699944209896_9179486963119551570_n-qpp9ca4i5w8b7e9vkiw9rjtt4ci3vpd5l9dzzya2v0.jpg 550w\" sizes=\"(max-width: 1000px) 100vw, 1000px\" \/>\t\t\t\t\t\t\t\t\t\t\t\t\t\t\t<\/div>\n\t\t\t\t<\/div>\n\t\t\t\t<div class=\"elementor-element elementor-element-9b2f5d6 elementor-widget elementor-widget-heading\" data-id=\"9b2f5d6\" data-element_type=\"widget\" data-e-type=\"widget\" data-widget_type=\"heading.default\">\n\t\t\t\t<div class=\"elementor-widget-container\">\n\t\t\t\t\t<h2 class=\"elementor-heading-title elementor-size-default\">The appearance of Luis Parodi in 'ABC'<\/h2>\t\t\t\t<\/div>\n\t\t\t\t<\/div>\n\t\t\t\t<div class=\"elementor-element elementor-element-1914273 elementor-align-justify elementor-widget elementor-widget-button\" data-id=\"1914273\" data-element_type=\"widget\" data-e-type=\"widget\" data-widget_type=\"button.default\">\n\t\t\t\t<div class=\"elementor-widget-container\">\n\t\t\t\t\t\t\t\t\t<div class=\"elementor-button-wrapper\">\n\t\t\t\t\t<a class=\"elementor-button elementor-button-link elementor-size-sm\" href=\"https:\/\/www.abc.es\/economia\/ataques-mar-rojo-disparan-precios-transporte-asia-20240103185433-nt.html\">\n\t\t\t\t\t\t<span class=\"elementor-button-content-wrapper\">\n\t\t\t\t\t\t\t\t\t<span class=\"elementor-button-text\">Read more<\/span>\n\t\t\t\t\t<\/span>\n\t\t\t\t\t<\/a>\n\t\t\t\t<\/div>\n\t\t\t\t\t\t\t\t<\/div>\n\t\t\t\t<\/div>\n\t\t\t\t<\/div>\n\t\t\t\t\t<\/div>\n\t\t\t\t<\/div>\n\t\t<div class=\"elementor-element elementor-element-2f507bd e-con-full e-flex e-con e-child\" data-id=\"2f507bd\" data-element_type=\"container\" data-e-type=\"container\">\n\t\t\t\t<div class=\"elementor-element elementor-element-7777181 elementor-widget elementor-widget-image\" data-id=\"7777181\" data-element_type=\"widget\" data-e-type=\"widget\" data-widget_type=\"image.default\">\n\t\t\t\t<div class=\"elementor-widget-container\">\n\t\t\t\t\t\t\t\t\t\t\t\t\t\t\t<img decoding=\"async\" width=\"512\" height=\"512\" src=\"https:\/\/globalgreeneurope.com\/wp-content\/uploads\/2024\/06\/612hhI8eTAL-1.png\" class=\"attachment-full size-full wp-image-5723\" alt=\"\" srcset=\"https:\/\/globalgreeneurope.com\/wp-content\/uploads\/2024\/06\/612hhI8eTAL-1.png 512w, https:\/\/globalgreeneurope.com\/wp-content\/uploads\/2024\/06\/612hhI8eTAL-1-300x300.png 300w, https:\/\/globalgreeneurope.com\/wp-content\/uploads\/2024\/06\/612hhI8eTAL-1-150x150.png 150w, https:\/\/globalgreeneurope.com\/wp-content\/uploads\/2024\/06\/612hhI8eTAL-1-12x12.png 12w\" sizes=\"(max-width: 512px) 100vw, 512px\" \/>\t\t\t\t\t\t\t\t\t\t\t\t\t\t\t<\/div>\n\t\t\t\t<\/div>\n\t\t\t\t<div class=\"elementor-element elementor-element-d3027b1 elementor-widget elementor-widget-heading\" data-id=\"d3027b1\" data-element_type=\"widget\" data-e-type=\"widget\" data-widget_type=\"heading.default\">\n\t\t\t\t<div class=\"elementor-widget-container\">\n\t\t\t\t\t<h2 class=\"elementor-heading-title elementor-size-default\">The appearance of Luis Parodi on 'Herrera en COPE'<\/h2>\t\t\t\t<\/div>\n\t\t\t\t<\/div>\n\t\t\t\t<div class=\"elementor-element elementor-element-07abed4 elementor-align-justify elementor-widget elementor-widget-button\" data-id=\"07abed4\" data-element_type=\"widget\" data-e-type=\"widget\" data-widget_type=\"button.default\">\n\t\t\t\t<div class=\"elementor-widget-container\">\n\t\t\t\t\t\t\t\t\t<div class=\"elementor-button-wrapper\">\n\t\t\t\t\t<a class=\"elementor-button elementor-button-link elementor-size-sm\" href=\"https:\/\/www.cope.es\/programas\/herrera-en-cope\/noticias\/los-ataques-sobre-mar-rojo-estrangulamiento-comercial-con-graves-consecuencias-economicas-20240104_3076805\">\n\t\t\t\t\t\t<span class=\"elementor-button-content-wrapper\">\n\t\t\t\t\t\t\t\t\t<span class=\"elementor-button-text\">Read more<\/span>\n\t\t\t\t\t<\/span>\n\t\t\t\t\t<\/a>\n\t\t\t\t<\/div>\n\t\t\t\t\t\t\t\t<\/div>\n\t\t\t\t<\/div>\n\t\t\t\t<\/div>\n\t\t\t\t\t<\/div>\n\t\t\t\t<\/div>\n\t\t<div class=\"elementor-element elementor-element-eb987ab e-flex e-con-boxed e-con e-parent\" data-id=\"eb987ab\" data-element_type=\"container\" data-e-type=\"container\">\n\t\t\t\t\t<div class=\"e-con-inner\">\n\t\t\t\t<div class=\"elementor-element elementor-element-c723f91 elementor-widget elementor-widget-spacer\" data-id=\"c723f91\" data-element_type=\"widget\" data-e-type=\"widget\" data-widget_type=\"spacer.default\">\n\t\t\t\t<div class=\"elementor-widget-container\">\n\t\t\t\t\t\t\t<div class=\"elementor-spacer\">\n\t\t\t<div class=\"elementor-spacer-inner\"><\/div>\n\t\t<\/div>\n\t\t\t\t\t\t<\/div>\n\t\t\t\t<\/div>\n\t\t\t\t\t<\/div>\n\t\t\t\t<\/div>\n\t\t\t\t<\/div>","protected":false},"excerpt":{"rendered":"<p>Inicio &gt;&gt; Notas de prensa 2024 La carpeta de prensa del GGE recoge informaci\u00f3n sobre la compa\u00f1\u00eda, datos sobre ventas, la evoluci\u00f3n de su plantilla, as\u00ed como servicios y actividades [&hellip;]<\/p>\n","protected":false},"author":1,"featured_media":0,"parent":18,"menu_order":0,"comment_status":"closed","ping_status":"closed","template":"","meta":{"_joinchat":[],"footnotes":""},"class_list":["post-1337","page","type-page","status-publish","hentry"],"_links":{"self":[{"href":"https:\/\/globalgreeneurope.com\/en\/wp-json\/wp\/v2\/pages\/1337","targetHints":{"allow":["GET"]}}],"collection":[{"href":"https:\/\/globalgreeneurope.com\/en\/wp-json\/wp\/v2\/pages"}],"about":[{"href":"https:\/\/globalgreeneurope.com\/en\/wp-json\/wp\/v2\/types\/page"}],"author":[{"embeddable":true,"href":"https:\/\/globalgreeneurope.com\/en\/wp-json\/wp\/v2\/users\/1"}],"replies":[{"embeddable":true,"href":"https:\/\/globalgreeneurope.com\/en\/wp-json\/wp\/v2\/comments?post=1337"}],"version-history":[{"count":86,"href":"https:\/\/globalgreeneurope.com\/en\/wp-json\/wp\/v2\/pages\/1337\/revisions"}],"predecessor-version":[{"id":5730,"href":"https:\/\/globalgreeneurope.com\/en\/wp-json\/wp\/v2\/pages\/1337\/revisions\/5730"}],"up":[{"embeddable":true,"href":"https:\/\/globalgreeneurope.com\/en\/wp-json\/wp\/v2\/pages\/18"}],"wp:attachment":[{"href":"https:\/\/globalgreeneurope.com\/en\/wp-json\/wp\/v2\/media?parent=1337"}],"curies":[{"name":"wp","href":"https:\/\/api.w.org\/{rel}","templated":true}]}}