{"id":4354,"date":"2024-06-05T07:14:57","date_gmt":"2024-06-05T07:14:57","guid":{"rendered":"https:\/\/globalgreeneurope.com\/?page_id=4354"},"modified":"2024-06-12T14:52:04","modified_gmt":"2024-06-12T14:52:04","slug":"becas","status":"publish","type":"page","link":"https:\/\/globalgreeneurope.com\/en\/conocenos\/becas\/","title":{"rendered":"Grants"},"content":{"rendered":"<div data-elementor-type=\"wp-page\" data-elementor-id=\"4354\" class=\"elementor elementor-4354\" data-elementor-post-type=\"page\">\n\t\t\t\t<div class=\"elementor-element elementor-element-311e973 e-con-full e-flex e-con e-parent\" data-id=\"311e973\" data-element_type=\"container\" data-e-type=\"container\" data-settings=\"{&quot;background_background&quot;:&quot;classic&quot;}\">\n\t\t<div class=\"elementor-element elementor-element-44ed369 e-flex e-con-boxed e-con e-child\" data-id=\"44ed369\" data-element_type=\"container\" data-e-type=\"container\">\n\t\t\t\t\t<div class=\"e-con-inner\">\n\t\t\t\t<div class=\"elementor-element elementor-element-25aac0a elementor-widget elementor-widget-text-editor\" data-id=\"25aac0a\" data-element_type=\"widget\" data-e-type=\"widget\" data-widget_type=\"text-editor.default\">\n\t\t\t\t<div class=\"elementor-widget-container\">\n\t\t\t\t\t\t\t\t\t<a style=\"font-size: 14px; font-weight: 400; color: #fff; text-decoration: none;\" href=\"https:\/\/globalgreeneurope.com\/en\/\">Home<\/a> <span style=\"font-size: 14px; font-weight: 400; color: #fff;\">&gt;&gt; <\/span><a style=\"font-size: 14px; font-weight: 400; color: #fff;\" href=\"https:\/\/globalgreeneurope.com\/en\/conocenos\/\">About <\/a><span style=\"font-size: 14px; font-weight: 400; color: #fff;\">&gt;&gt; <\/span><span style=\"font-size: 14px; font-weight: 400; color: #fff;\"> Grants<\/span>\n<h2 style=\"font-size: 40px; font-weight: 500; color: #fff;\">Grants<\/h2>\t\t\t\t\t\t\t\t<\/div>\n\t\t\t\t<\/div>\n\t\t\t\t\t<\/div>\n\t\t\t\t<\/div>\n\t\t\t\t<\/div>\n\t\t<div class=\"elementor-element elementor-element-231c5c1 e-flex e-con-boxed e-con e-parent\" data-id=\"231c5c1\" data-element_type=\"container\" data-e-type=\"container\">\n\t\t\t\t\t<div class=\"e-con-inner\">\n\t\t\t\t<div class=\"elementor-element elementor-element-51df66f elementor-widget elementor-widget-spacer\" data-id=\"51df66f\" data-element_type=\"widget\" data-e-type=\"widget\" data-widget_type=\"spacer.default\">\n\t\t\t\t<div class=\"elementor-widget-container\">\n\t\t\t\t\t\t\t<div class=\"elementor-spacer\">\n\t\t\t<div class=\"elementor-spacer-inner\"><\/div>\n\t\t<\/div>\n\t\t\t\t\t\t<\/div>\n\t\t\t\t<\/div>\n\t\t\t\t\t<\/div>\n\t\t\t\t<\/div>\n\t\t<div class=\"elementor-element elementor-element-7872f9b e-flex e-con-boxed e-con e-parent\" data-id=\"7872f9b\" data-element_type=\"container\" data-e-type=\"container\">\n\t\t\t\t\t<div class=\"e-con-inner\">\n\t\t\t\t<div class=\"elementor-element elementor-element-2f44854 elementor-widget elementor-widget-text-editor\" data-id=\"2f44854\" data-element_type=\"widget\" data-e-type=\"widget\" data-widget_type=\"text-editor.default\">\n\t\t\t\t<div class=\"elementor-widget-container\">\n\t\t\t\t\t\t\t\t\t<p>We recruit trainees for logistics, international trade and administration degrees; we collaborate with Icex scholarships for certified international profiles.<\/p>\t\t\t\t\t\t\t\t<\/div>\n\t\t\t\t<\/div>\n\t\t\t\t\t<\/div>\n\t\t\t\t<\/div>\n\t\t<div class=\"elementor-element elementor-element-0e9aeb1 e-flex e-con-boxed e-con e-parent\" data-id=\"0e9aeb1\" data-element_type=\"container\" data-e-type=\"container\">\n\t\t\t\t\t<div class=\"e-con-inner\">\n\t\t\t\t<div class=\"elementor-element elementor-element-f6e3e0a elementor-widget elementor-widget-spacer\" data-id=\"f6e3e0a\" data-element_type=\"widget\" data-e-type=\"widget\" data-widget_type=\"spacer.default\">\n\t\t\t\t<div class=\"elementor-widget-container\">\n\t\t\t\t\t\t\t<div class=\"elementor-spacer\">\n\t\t\t<div class=\"elementor-spacer-inner\"><\/div>\n\t\t<\/div>\n\t\t\t\t\t\t<\/div>\n\t\t\t\t<\/div>\n\t\t\t\t\t<\/div>\n\t\t\t\t<\/div>\n\t\t<div class=\"elementor-element elementor-element-da5b41b e-flex e-con-boxed e-con e-parent\" data-id=\"da5b41b\" data-element_type=\"container\" data-e-type=\"container\" data-settings=\"{&quot;background_background&quot;:&quot;classic&quot;}\">\n\t\t\t\t\t<div class=\"e-con-inner\">\n\t\t\t\t<div class=\"elementor-element elementor-element-20a8541 elementor-widget elementor-widget-heading\" data-id=\"20a8541\" data-element_type=\"widget\" data-e-type=\"widget\" data-widget_type=\"heading.default\">\n\t\t\t\t<div class=\"elementor-widget-container\">\n\t\t\t\t\t<h4 class=\"elementor-heading-title elementor-size-default\">Contact GGE\n<\/h4>\t\t\t\t<\/div>\n\t\t\t\t<\/div>\n\t\t\t\t<div class=\"elementor-element elementor-element-041cb7f elementor-widget elementor-widget-text-editor\" data-id=\"041cb7f\" data-element_type=\"widget\" data-e-type=\"widget\" data-widget_type=\"text-editor.default\">\n\t\t\t\t<div class=\"elementor-widget-container\">\n\t\t\t\t\t\t\t\t\t<p>Contact us and we will respond as soon as possible to any questions you have about our services.<\/p>\t\t\t\t\t\t\t\t<\/div>\n\t\t\t\t<\/div>\n\t\t\t\t<div class=\"elementor-element elementor-element-29c4861 elementor-align-center elementor-widget elementor-widget-button\" data-id=\"29c4861\" data-element_type=\"widget\" data-e-type=\"widget\" data-widget_type=\"button.default\">\n\t\t\t\t<div class=\"elementor-widget-container\">\n\t\t\t\t\t\t\t\t\t<div class=\"elementor-button-wrapper\">\n\t\t\t\t\t<a class=\"elementor-button elementor-button-link elementor-size-sm\" href=\"https:\/\/globalgreeneurope.com\/en\/contacto\/\">\n\t\t\t\t\t\t<span class=\"elementor-button-content-wrapper\">\n\t\t\t\t\t\t\t\t\t<span class=\"elementor-button-text\">CONTACT US<\/span>\n\t\t\t\t\t<\/span>\n\t\t\t\t\t<\/a>\n\t\t\t\t<\/div>\n\t\t\t\t\t\t\t\t<\/div>\n\t\t\t\t<\/div>\n\t\t\t\t\t<\/div>\n\t\t\t\t<\/div>\n\t\t\t\t<\/div>","protected":false},"excerpt":{"rendered":"<p>Inicio &gt;&gt; Con\u00f3cenos &gt;&gt; Becas Becas Contratamos personal en pr\u00e1cticas de los grados de log\u00edstica, comercio internacional y administraci\u00f3n; colaboramos con Becas Icex para perfiles internacionales certificados. Contacta con GGE [&hellip;]<\/p>\n","protected":false},"author":1,"featured_media":0,"parent":16,"menu_order":3,"comment_status":"closed","ping_status":"closed","template":"","meta":{"_joinchat":[],"footnotes":""},"class_list":["post-4354","page","type-page","status-publish","hentry"],"_links":{"self":[{"href":"https:\/\/globalgreeneurope.com\/en\/wp-json\/wp\/v2\/pages\/4354","targetHints":{"allow":["GET"]}}],"collection":[{"href":"https:\/\/globalgreeneurope.com\/en\/wp-json\/wp\/v2\/pages"}],"about":[{"href":"https:\/\/globalgreeneurope.com\/en\/wp-json\/wp\/v2\/types\/page"}],"author":[{"embeddable":true,"href":"https:\/\/globalgreeneurope.com\/en\/wp-json\/wp\/v2\/users\/1"}],"replies":[{"embeddable":true,"href":"https:\/\/globalgreeneurope.com\/en\/wp-json\/wp\/v2\/comments?post=4354"}],"version-history":[{"count":7,"href":"https:\/\/globalgreeneurope.com\/en\/wp-json\/wp\/v2\/pages\/4354\/revisions"}],"predecessor-version":[{"id":5324,"href":"https:\/\/globalgreeneurope.com\/en\/wp-json\/wp\/v2\/pages\/4354\/revisions\/5324"}],"up":[{"embeddable":true,"href":"https:\/\/globalgreeneurope.com\/en\/wp-json\/wp\/v2\/pages\/16"}],"wp:attachment":[{"href":"https:\/\/globalgreeneurope.com\/en\/wp-json\/wp\/v2\/media?parent=4354"}],"curies":[{"name":"wp","href":"https:\/\/api.w.org\/{rel}","templated":true}]}}