{"id":14,"date":"2024-05-13T17:05:35","date_gmt":"2024-05-13T17:05:35","guid":{"rendered":"http:\/\/gge.local\/?page_id=14"},"modified":"2024-06-13T12:27:50","modified_gmt":"2024-06-13T12:27:50","slug":"productos","status":"publish","type":"page","link":"https:\/\/globalgreeneurope.com\/fr\/productos\/","title":{"rendered":"Produits"},"content":{"rendered":"<div data-elementor-type=\"wp-page\" data-elementor-id=\"14\" class=\"elementor elementor-14\" data-elementor-post-type=\"page\">\n\t\t\t\t<div class=\"elementor-element elementor-element-7a6970c e-con-full e-flex e-con e-parent\" data-id=\"7a6970c\" data-element_type=\"container\" data-e-type=\"container\" data-settings=\"{&quot;background_background&quot;:&quot;classic&quot;}\">\n\t\t<div class=\"elementor-element elementor-element-137ec56 e-flex e-con-boxed e-con e-child\" data-id=\"137ec56\" data-element_type=\"container\" data-e-type=\"container\">\n\t\t\t\t\t<div class=\"e-con-inner\">\n\t\t\t\t<div class=\"elementor-element elementor-element-a820138 elementor-widget elementor-widget-text-editor\" data-id=\"a820138\" data-element_type=\"widget\" data-e-type=\"widget\" data-widget_type=\"text-editor.default\">\n\t\t\t\t<div class=\"elementor-widget-container\">\n\t\t\t\t\t\t\t\t\t<a style=\"font-size: 14px; font-weight: 400; color: #fff; text-decoration: none;\" href=\"https:\/\/globalgreeneurope.com\/fr\/\">Accueil<\/a> <span style=\"font-size: 14px; font-weight: 400; color: #fff;\">&gt;&gt; <\/span><span style=\"font-size: 14px; font-weight: 400; color: #fff;\">Produits<\/span>\n<h2 style=\"font-size: 40px; font-weight: 500; color: #fff;\">Produits<\/h2>\n<p style=\"font-size: 16px; font-weight: 400; color: #fff;\">Fournitures de mati\u00e8res plastiques pour l'automobile et l'\u00e9lectrotechnique. <\/p>\t\t\t\t\t\t\t\t<\/div>\n\t\t\t\t<\/div>\n\t\t\t\t\t<\/div>\n\t\t\t\t<\/div>\n\t\t\t\t<\/div>\n\t\t<div class=\"elementor-element elementor-element-0636544 e-flex e-con-boxed e-con e-parent\" data-id=\"0636544\" data-element_type=\"container\" data-e-type=\"container\">\n\t\t\t\t\t<div class=\"e-con-inner\">\n\t\t\t\t<div class=\"elementor-element elementor-element-6d194ba elementor-widget elementor-widget-spacer\" data-id=\"6d194ba\" data-element_type=\"widget\" data-e-type=\"widget\" data-widget_type=\"spacer.default\">\n\t\t\t\t<div class=\"elementor-widget-container\">\n\t\t\t\t\t\t\t<div class=\"elementor-spacer\">\n\t\t\t<div class=\"elementor-spacer-inner\"><\/div>\n\t\t<\/div>\n\t\t\t\t\t\t<\/div>\n\t\t\t\t<\/div>\n\t\t\t\t\t<\/div>\n\t\t\t\t<\/div>\n\t\t<div class=\"elementor-element elementor-element-8f7b7a1 e-flex e-con-boxed e-con e-parent\" data-id=\"8f7b7a1\" data-element_type=\"container\" data-e-type=\"container\">\n\t\t\t\t\t<div class=\"e-con-inner\">\n\t\t<div class=\"elementor-element elementor-element-1fcfdaf e-flex e-con-boxed e-con e-child\" data-id=\"1fcfdaf\" data-element_type=\"container\" data-e-type=\"container\">\n\t\t\t\t\t<div class=\"e-con-inner\">\n\t\t\t\t<div class=\"elementor-element elementor-element-594bdd9 elementor-widget__width-initial elementor-widget elementor-widget-text-editor\" data-id=\"594bdd9\" data-element_type=\"widget\" data-e-type=\"widget\" data-widget_type=\"text-editor.default\">\n\t\t\t\t<div class=\"elementor-widget-container\">\n\t\t\t\t\t\t\t\t\t<p>Notre objectif est de devenir un fournisseur de premier plan de plastiques techniques pour r\u00e9pondre aux demandes des secteurs automobile et \u00e9lectrique en Europe. Nous proposons une large gamme de mat\u00e9riaux, notamment <strong>POM<\/strong>, <strong>PA<\/strong>, <strong>PBT<\/strong>, <strong>ASA<\/strong>, <strong>ABS<\/strong>, <strong>SAN<\/strong>, <strong>PC<\/strong>, <strong>PC\/ABS<\/strong>, <strong>PEI<\/strong> y <strong>PPS<\/strong>. Gr\u00e2ce \u00e0 notre vaste exp\u00e9rience, nous sommes bien implant\u00e9s non seulement dans notre zone d'influence en mati\u00e8re de gestion des d\u00e9chets industriels, mais aussi dans le reste de l'Espagne, en France, en Roumanie, en Italie et au Portugal.<\/p><p>En outre, nous nous effor\u00e7ons de r\u00e9pondre aux attentes de notre client\u00e8le asiatique, qui ach\u00e8te des mat\u00e9riaux de diff\u00e9rentes qualit\u00e9s, contribuant ainsi \u00e0 la gestion responsable des d\u00e9chets g\u00e9n\u00e9r\u00e9s en Europe.<\/p>\t\t\t\t\t\t\t\t<\/div>\n\t\t\t\t<\/div>\n\t\t\t\t<div class=\"elementor-element elementor-element-f50a276 elementor-widget elementor-widget-image\" data-id=\"f50a276\" data-element_type=\"widget\" data-e-type=\"widget\" data-widget_type=\"image.default\">\n\t\t\t\t<div class=\"elementor-widget-container\">\n\t\t\t\t\t\t\t\t\t\t\t\t\t\t\t<img decoding=\"async\" src=\"https:\/\/globalgreeneurope.com\/wp-content\/uploads\/elementor\/thumbs\/pellets-qo8ut6g7z8lnpucn12dmbzqlnav6uu2yf8aslshdiw.png\" title=\"granul\u00e9s\" alt=\"pellets\" loading=\"lazy\" \/>\t\t\t\t\t\t\t\t\t\t\t\t\t\t\t<\/div>\n\t\t\t\t<\/div>\n\t\t\t\t\t<\/div>\n\t\t\t\t<\/div>\n\t\t\t\t\t<\/div>\n\t\t\t\t<\/div>\n\t\t<div class=\"elementor-element elementor-element-62c1545 e-flex e-con-boxed e-con e-parent\" data-id=\"62c1545\" data-element_type=\"container\" data-e-type=\"container\">\n\t\t\t\t\t<div class=\"e-con-inner\">\n\t\t\t\t<div class=\"elementor-element elementor-element-9ca1328 elementor-widget elementor-widget-spacer\" data-id=\"9ca1328\" data-element_type=\"widget\" data-e-type=\"widget\" data-widget_type=\"spacer.default\">\n\t\t\t\t<div class=\"elementor-widget-container\">\n\t\t\t\t\t\t\t<div class=\"elementor-spacer\">\n\t\t\t<div class=\"elementor-spacer-inner\"><\/div>\n\t\t<\/div>\n\t\t\t\t\t\t<\/div>\n\t\t\t\t<\/div>\n\t\t\t\t\t<\/div>\n\t\t\t\t<\/div>\n\t\t<div class=\"elementor-element elementor-element-30430d3 e-flex e-con-boxed e-con e-parent\" data-id=\"30430d3\" data-element_type=\"container\" data-e-type=\"container\" data-settings=\"{&quot;background_background&quot;:&quot;classic&quot;}\">\n\t\t\t\t\t<div class=\"e-con-inner\">\n\t\t\t\t<div class=\"elementor-element elementor-element-917b1b5 elementor-widget elementor-widget-heading\" data-id=\"917b1b5\" data-element_type=\"widget\" data-e-type=\"widget\" data-widget_type=\"heading.default\">\n\t\t\t\t<div class=\"elementor-widget-container\">\n\t\t\t\t\t<h4 class=\"elementor-heading-title elementor-size-default\">Contacter le GGE\n<\/h4>\t\t\t\t<\/div>\n\t\t\t\t<\/div>\n\t\t\t\t<div class=\"elementor-element elementor-element-e3b2cc8 elementor-widget elementor-widget-text-editor\" data-id=\"e3b2cc8\" data-element_type=\"widget\" data-e-type=\"widget\" data-widget_type=\"text-editor.default\">\n\t\t\t\t<div class=\"elementor-widget-container\">\n\t\t\t\t\t\t\t\t\t<p>Contactez-nous et nous r\u00e9pondrons dans les plus brefs d\u00e9lais \u00e0 toutes les questions que vous vous posez sur nos services.<\/p>\t\t\t\t\t\t\t\t<\/div>\n\t\t\t\t<\/div>\n\t\t\t\t<div class=\"elementor-element elementor-element-46100c6 elementor-align-center elementor-widget elementor-widget-button\" data-id=\"46100c6\" data-element_type=\"widget\" data-e-type=\"widget\" data-widget_type=\"button.default\">\n\t\t\t\t<div class=\"elementor-widget-container\">\n\t\t\t\t\t\t\t\t\t<div class=\"elementor-button-wrapper\">\n\t\t\t\t\t<a class=\"elementor-button elementor-button-link elementor-size-sm\" href=\"https:\/\/globalgreeneurope.com\/fr\/contacto\/\">\n\t\t\t\t\t\t<span class=\"elementor-button-content-wrapper\">\n\t\t\t\t\t\t\t\t\t<span class=\"elementor-button-text\">CONTACT<\/span>\n\t\t\t\t\t<\/span>\n\t\t\t\t\t<\/a>\n\t\t\t\t<\/div>\n\t\t\t\t\t\t\t\t<\/div>\n\t\t\t\t<\/div>\n\t\t\t\t\t<\/div>\n\t\t\t\t<\/div>\n\t\t\t\t<\/div>","protected":false},"excerpt":{"rendered":"<p>Inicio &gt;&gt; Productos Productos Suministros de pl\u00e1sticos de ingenier\u00eda de automoci\u00f3n y el\u00e9ctrica. Nuestro objetivo es convertirnos en l\u00edderes en el suministro de pl\u00e1sticos de ingenier\u00eda para satisfacer las demandas [&hellip;]<\/p>\n","protected":false},"author":1,"featured_media":0,"parent":0,"menu_order":0,"comment_status":"closed","ping_status":"closed","template":"","meta":{"_joinchat":[],"footnotes":""},"class_list":["post-14","page","type-page","status-publish","hentry"],"_links":{"self":[{"href":"https:\/\/globalgreeneurope.com\/fr\/wp-json\/wp\/v2\/pages\/14","targetHints":{"allow":["GET"]}}],"collection":[{"href":"https:\/\/globalgreeneurope.com\/fr\/wp-json\/wp\/v2\/pages"}],"about":[{"href":"https:\/\/globalgreeneurope.com\/fr\/wp-json\/wp\/v2\/types\/page"}],"author":[{"embeddable":true,"href":"https:\/\/globalgreeneurope.com\/fr\/wp-json\/wp\/v2\/users\/1"}],"replies":[{"embeddable":true,"href":"https:\/\/globalgreeneurope.com\/fr\/wp-json\/wp\/v2\/comments?post=14"}],"version-history":[{"count":31,"href":"https:\/\/globalgreeneurope.com\/fr\/wp-json\/wp\/v2\/pages\/14\/revisions"}],"predecessor-version":[{"id":5494,"href":"https:\/\/globalgreeneurope.com\/fr\/wp-json\/wp\/v2\/pages\/14\/revisions\/5494"}],"wp:attachment":[{"href":"https:\/\/globalgreeneurope.com\/fr\/wp-json\/wp\/v2\/media?parent=14"}],"curies":[{"name":"wp","href":"https:\/\/api.w.org\/{rel}","templated":true}]}}