{"id":2286,"date":"2024-05-27T23:48:59","date_gmt":"2024-05-27T23:48:59","guid":{"rendered":"http:\/\/gge.local\/?page_id=2286"},"modified":"2024-08-30T07:23:27","modified_gmt":"2024-08-30T07:23:27","slug":"publicaciones","status":"publish","type":"page","link":"https:\/\/globalgreeneurope.com\/fr\/publicaciones\/","title":{"rendered":"Publications"},"content":{"rendered":"<div data-elementor-type=\"wp-page\" data-elementor-id=\"2286\" class=\"elementor elementor-2286\" data-elementor-post-type=\"page\">\n\t\t\t\t<div class=\"elementor-element elementor-element-ea961e0 e-con-full e-flex e-con e-parent\" data-id=\"ea961e0\" data-element_type=\"container\" data-e-type=\"container\" data-settings=\"{&quot;background_background&quot;:&quot;classic&quot;}\">\n\t\t<div class=\"elementor-element elementor-element-d00939d e-flex e-con-boxed e-con e-child\" data-id=\"d00939d\" data-element_type=\"container\" data-e-type=\"container\">\n\t\t\t\t\t<div class=\"e-con-inner\">\n\t\t\t\t<div class=\"elementor-element elementor-element-a33c273 elementor-widget elementor-widget-text-editor\" data-id=\"a33c273\" data-element_type=\"widget\" data-e-type=\"widget\" data-widget_type=\"text-editor.default\">\n\t\t\t\t<div class=\"elementor-widget-container\">\n\t\t\t\t\t\t\t\t\t<p><a style=\"font-size: 14px; font-weight: 400; color: #fff; text-decoration: none;\" href=\"https:\/\/globalgreeneurope.com\/fr\/\">Accueil<\/a> <span style=\"font-size: 14px; font-weight: 400; color: #fff;\">&gt;&gt; <\/span><span style=\"font-size: 14px; font-weight: 400; color: #fff;\">Publications<\/span><\/p>\n<h2 style=\"font-size: 40px; font-weight: 500; color: #fff;\">Publications<\/h2>\t\t\t\t\t\t\t\t<\/div>\n\t\t\t\t<\/div>\n\t\t\t\t\t<\/div>\n\t\t\t\t<\/div>\n\t\t\t\t<\/div>\n\t\t<div class=\"elementor-element elementor-element-f3d32d9 e-flex e-con-boxed e-con e-parent\" data-id=\"f3d32d9\" data-element_type=\"container\" data-e-type=\"container\">\n\t\t\t\t\t<div class=\"e-con-inner\">\n\t\t\t\t<div class=\"elementor-element elementor-element-35fe40b elementor-widget elementor-widget-spacer\" data-id=\"35fe40b\" data-element_type=\"widget\" data-e-type=\"widget\" data-widget_type=\"spacer.default\">\n\t\t\t\t<div class=\"elementor-widget-container\">\n\t\t\t\t\t\t\t<div class=\"elementor-spacer\">\n\t\t\t<div class=\"elementor-spacer-inner\"><\/div>\n\t\t<\/div>\n\t\t\t\t\t\t<\/div>\n\t\t\t\t<\/div>\n\t\t\t\t\t<\/div>\n\t\t\t\t<\/div>\n\t\t<div class=\"elementor-element elementor-element-7a24e888 e-flex e-con-boxed e-con e-parent\" data-id=\"7a24e888\" data-element_type=\"container\" data-e-type=\"container\">\n\t\t\t\t\t<div class=\"e-con-inner\">\n\t\t\t\t<div class=\"elementor-element elementor-element-7756b3ec elementor-posts__hover-none elementor-posts--align-left elementor-grid-3 elementor-grid-tablet-2 elementor-grid-mobile-1 elementor-posts--thumbnail-top elementor-widget elementor-widget-posts\" data-id=\"7756b3ec\" data-element_type=\"widget\" data-e-type=\"widget\" data-settings=\"{&quot;cards_row_gap&quot;:{&quot;unit&quot;:&quot;px&quot;,&quot;size&quot;:30,&quot;sizes&quot;:[]},&quot;cards_row_gap_tablet&quot;:{&quot;unit&quot;:&quot;px&quot;,&quot;size&quot;:71,&quot;sizes&quot;:[]},&quot;cards_row_gap_mobile&quot;:{&quot;unit&quot;:&quot;px&quot;,&quot;size&quot;:40,&quot;sizes&quot;:[]},&quot;pagination_type&quot;:&quot;prev_next&quot;,&quot;cards_columns&quot;:&quot;3&quot;,&quot;cards_columns_tablet&quot;:&quot;2&quot;,&quot;cards_columns_mobile&quot;:&quot;1&quot;}\" data-widget_type=\"posts.cards\">\n\t\t\t\t<div class=\"elementor-widget-container\">\n\t\t\t\t\t\t\t<div class=\"elementor-posts-container elementor-posts elementor-posts--skin-cards elementor-grid\">\n\t\t\t\t<article class=\"elementor-post elementor-grid-item post-4897 post type-post status-publish format-standard has-post-thumbnail hentry category-industria\">\n\t\t\t<div class=\"elementor-post__card\">\n\t\t\t\t<a class=\"elementor-post__thumbnail__link\" href=\"https:\/\/globalgreeneurope.com\/fr\/la-economia-circular-en-la-industria-del-plastico-retos-y-oportunidades\/\" tabindex=\"-1\" ><div class=\"elementor-post__thumbnail\"><img fetchpriority=\"high\" decoding=\"async\" width=\"2560\" height=\"1707\" src=\"https:\/\/globalgreeneurope.com\/wp-content\/uploads\/2024\/06\/pexels-elevate-1267338-scaled.jpg\" class=\"attachment-full size-full wp-image-4866\" alt=\"\" srcset=\"https:\/\/globalgreeneurope.com\/wp-content\/uploads\/2024\/06\/pexels-elevate-1267338-scaled.jpg 2560w, https:\/\/globalgreeneurope.com\/wp-content\/uploads\/2024\/06\/pexels-elevate-1267338-300x200.jpg 300w, https:\/\/globalgreeneurope.com\/wp-content\/uploads\/2024\/06\/pexels-elevate-1267338-1024x683.jpg 1024w, https:\/\/globalgreeneurope.com\/wp-content\/uploads\/2024\/06\/pexels-elevate-1267338-768x512.jpg 768w, https:\/\/globalgreeneurope.com\/wp-content\/uploads\/2024\/06\/pexels-elevate-1267338-1536x1024.jpg 1536w, https:\/\/globalgreeneurope.com\/wp-content\/uploads\/2024\/06\/pexels-elevate-1267338-2048x1366.jpg 2048w, https:\/\/globalgreeneurope.com\/wp-content\/uploads\/2024\/06\/pexels-elevate-1267338-18x12.jpg 18w\" sizes=\"(max-width: 2560px) 100vw, 2560px\" \/><\/div><\/a>\n\t\t\t\t<div class=\"elementor-post__text\">\n\t\t\t\t<h4 class=\"elementor-post__title\">\n\t\t\t<a href=\"https:\/\/globalgreeneurope.com\/fr\/la-economia-circular-en-la-industria-del-plastico-retos-y-oportunidades\/\" >\n\t\t\t\tL'\u00e9conomie circulaire dans l'industrie du plastique : d\u00e9fis et opportunit\u00e9s\t\t\t<\/a>\n\t\t<\/h4>\n\t\t\t\t<div class=\"elementor-post__excerpt\">\n\t\t\t<p>L'\u00e9conomie circulaire est un concept qui vise \u00e0 \u00e9liminer les d\u00e9chets et \u00e0 promouvoir la r\u00e9utilisation continue des ressources. Dans le cadre de l\t\t<\/div>\n\t\t\t\t<\/div>\n\t\t\t\t\t<\/div>\n\t\t<\/article>\n\t\t\t\t<article class=\"elementor-post elementor-grid-item post-4885 post type-post status-publish format-standard has-post-thumbnail hentry category-industria\">\n\t\t\t<div class=\"elementor-post__card\">\n\t\t\t\t<a class=\"elementor-post__thumbnail__link\" href=\"https:\/\/globalgreeneurope.com\/fr\/innovaciones-en-la-industria-del-plastico-materiales-y-tecnologias-de-futuro\/\" tabindex=\"-1\" ><div class=\"elementor-post__thumbnail\"><img decoding=\"async\" width=\"2048\" height=\"2560\" src=\"https:\/\/globalgreeneurope.com\/wp-content\/uploads\/2024\/06\/pexels-fung0818-18568174-scaled.jpg\" class=\"attachment-full size-full wp-image-4865\" alt=\"\" srcset=\"https:\/\/globalgreeneurope.com\/wp-content\/uploads\/2024\/06\/pexels-fung0818-18568174-scaled.jpg 2048w, https:\/\/globalgreeneurope.com\/wp-content\/uploads\/2024\/06\/pexels-fung0818-18568174-240x300.jpg 240w, https:\/\/globalgreeneurope.com\/wp-content\/uploads\/2024\/06\/pexels-fung0818-18568174-819x1024.jpg 819w, https:\/\/globalgreeneurope.com\/wp-content\/uploads\/2024\/06\/pexels-fung0818-18568174-768x960.jpg 768w, https:\/\/globalgreeneurope.com\/wp-content\/uploads\/2024\/06\/pexels-fung0818-18568174-1229x1536.jpg 1229w, https:\/\/globalgreeneurope.com\/wp-content\/uploads\/2024\/06\/pexels-fung0818-18568174-1638x2048.jpg 1638w, https:\/\/globalgreeneurope.com\/wp-content\/uploads\/2024\/06\/pexels-fung0818-18568174-10x12.jpg 10w\" sizes=\"(max-width: 2048px) 100vw, 2048px\" \/><\/div><\/a>\n\t\t\t\t<div class=\"elementor-post__text\">\n\t\t\t\t<h4 class=\"elementor-post__title\">\n\t\t\t<a href=\"https:\/\/globalgreeneurope.com\/fr\/innovaciones-en-la-industria-del-plastico-materiales-y-tecnologias-de-futuro\/\" >\n\t\t\t\tInnovations dans l'industrie des plastiques : mat\u00e9riaux et technologies du futur\t\t\t<\/a>\n\t\t<\/h4>\n\t\t\t\t<div class=\"elementor-post__excerpt\">\n\t\t\t<p>L'industrie des plastiques est en constante \u00e9volution, avec de nouvelles innovations qui visent \u00e0 am\u00e9liorer la durabilit\u00e9, l'efficacit\u00e9 et la qualit\u00e9 des produits.\t\t<\/div>\n\t\t\t\t<\/div>\n\t\t\t\t\t<\/div>\n\t\t<\/article>\n\t\t\t\t<article class=\"elementor-post elementor-grid-item post-4863 post type-post status-publish format-standard has-post-thumbnail hentry category-industria\">\n\t\t\t<div class=\"elementor-post__card\">\n\t\t\t\t<a class=\"elementor-post__thumbnail__link\" href=\"https:\/\/globalgreeneurope.com\/fr\/el-impacto-ambiental-de-la-industria-del-plastico-y-soluciones-sostenibles\/\" tabindex=\"-1\" ><div class=\"elementor-post__thumbnail\"><img decoding=\"async\" width=\"1996\" height=\"1331\" src=\"https:\/\/globalgreeneurope.com\/wp-content\/uploads\/2024\/06\/pexels-pixabay-257636.jpg\" class=\"attachment-full size-full wp-image-4864\" alt=\"\" srcset=\"https:\/\/globalgreeneurope.com\/wp-content\/uploads\/2024\/06\/pexels-pixabay-257636.jpg 1996w, https:\/\/globalgreeneurope.com\/wp-content\/uploads\/2024\/06\/pexels-pixabay-257636-300x200.jpg 300w, https:\/\/globalgreeneurope.com\/wp-content\/uploads\/2024\/06\/pexels-pixabay-257636-1024x683.jpg 1024w, https:\/\/globalgreeneurope.com\/wp-content\/uploads\/2024\/06\/pexels-pixabay-257636-768x512.jpg 768w, https:\/\/globalgreeneurope.com\/wp-content\/uploads\/2024\/06\/pexels-pixabay-257636-1536x1024.jpg 1536w, https:\/\/globalgreeneurope.com\/wp-content\/uploads\/2024\/06\/pexels-pixabay-257636-18x12.jpg 18w\" sizes=\"(max-width: 1996px) 100vw, 1996px\" \/><\/div><\/a>\n\t\t\t\t<div class=\"elementor-post__text\">\n\t\t\t\t<h4 class=\"elementor-post__title\">\n\t\t\t<a href=\"https:\/\/globalgreeneurope.com\/fr\/el-impacto-ambiental-de-la-industria-del-plastico-y-soluciones-sostenibles\/\" >\n\t\t\t\tL'impact environnemental de l'industrie du plastique et les solutions durables\t\t\t<\/a>\n\t\t<\/h4>\n\t\t\t\t<div class=\"elementor-post__excerpt\">\n\t\t\t<p>L'industrie des plastiques a transform\u00e9 notre vie \u00e0 bien des \u00e9gards, en fournissant des mat\u00e9riaux polyvalents et rentables pour une grande vari\u00e9t\u00e9 d'applications.\t\t<\/div>\n\t\t\t\t<\/div>\n\t\t\t\t\t<\/div>\n\t\t<\/article>\n\t\t\t\t<article class=\"elementor-post elementor-grid-item post-4857 post type-post status-publish format-standard has-post-thumbnail hentry category-comercializacion-de-residuos\">\n\t\t\t<div class=\"elementor-post__card\">\n\t\t\t\t<a class=\"elementor-post__thumbnail__link\" href=\"https:\/\/globalgreeneurope.com\/fr\/innovaciones-y-tendencias-en-la-comercializacion-de-residuos\/\" tabindex=\"-1\" ><div class=\"elementor-post__thumbnail\"><img loading=\"lazy\" decoding=\"async\" width=\"2560\" height=\"1920\" src=\"https:\/\/globalgreeneurope.com\/wp-content\/uploads\/2024\/05\/fondo13-descargadoMati-scaled.jpeg\" class=\"attachment-full size-full wp-image-1052\" alt=\"\" srcset=\"https:\/\/globalgreeneurope.com\/wp-content\/uploads\/2024\/05\/fondo13-descargadoMati-scaled.jpeg 2560w, https:\/\/globalgreeneurope.com\/wp-content\/uploads\/2024\/05\/fondo13-descargadoMati-300x225.jpeg 300w, https:\/\/globalgreeneurope.com\/wp-content\/uploads\/2024\/05\/fondo13-descargadoMati-1024x768.jpeg 1024w, https:\/\/globalgreeneurope.com\/wp-content\/uploads\/2024\/05\/fondo13-descargadoMati-768x576.jpeg 768w, https:\/\/globalgreeneurope.com\/wp-content\/uploads\/2024\/05\/fondo13-descargadoMati-1536x1152.jpeg 1536w, https:\/\/globalgreeneurope.com\/wp-content\/uploads\/2024\/05\/fondo13-descargadoMati-2048x1536.jpeg 2048w\" sizes=\"(max-width: 2560px) 100vw, 2560px\" \/><\/div><\/a>\n\t\t\t\t<div class=\"elementor-post__text\">\n\t\t\t\t<h4 class=\"elementor-post__title\">\n\t\t\t<a href=\"https:\/\/globalgreeneurope.com\/fr\/innovaciones-y-tendencias-en-la-comercializacion-de-residuos\/\" >\n\t\t\t\tInnovations et tendances dans le domaine de la commercialisation des d\u00e9chets\t\t\t<\/a>\n\t\t<\/h4>\n\t\t\t\t<div class=\"elementor-post__excerpt\">\n\t\t\t<p>Le secteur du marketing des d\u00e9chets est en constante \u00e9volution, pouss\u00e9 par les innovations technologiques et les nouvelles tendances qui cherchent \u00e0\t\t<\/div>\n\t\t\t\t<\/div>\n\t\t\t\t\t<\/div>\n\t\t<\/article>\n\t\t\t\t<article class=\"elementor-post elementor-grid-item post-4849 post type-post status-publish format-standard has-post-thumbnail hentry category-comercializacion-de-residuos\">\n\t\t\t<div class=\"elementor-post__card\">\n\t\t\t\t<a class=\"elementor-post__thumbnail__link\" href=\"https:\/\/globalgreeneurope.com\/fr\/como-las-empresas-pueden-beneficiarse-de-la-comercializacion-de-residuos\/\" tabindex=\"-1\" ><div class=\"elementor-post__thumbnail\"><img loading=\"lazy\" decoding=\"async\" width=\"2560\" height=\"1667\" src=\"https:\/\/globalgreeneurope.com\/wp-content\/uploads\/2024\/06\/pexels-ellie-burgin-1661546-3283430-scaled.jpg\" class=\"attachment-full size-full wp-image-4851\" alt=\"\" srcset=\"https:\/\/globalgreeneurope.com\/wp-content\/uploads\/2024\/06\/pexels-ellie-burgin-1661546-3283430-scaled.jpg 2560w, https:\/\/globalgreeneurope.com\/wp-content\/uploads\/2024\/06\/pexels-ellie-burgin-1661546-3283430-300x195.jpg 300w, https:\/\/globalgreeneurope.com\/wp-content\/uploads\/2024\/06\/pexels-ellie-burgin-1661546-3283430-1024x667.jpg 1024w, https:\/\/globalgreeneurope.com\/wp-content\/uploads\/2024\/06\/pexels-ellie-burgin-1661546-3283430-768x500.jpg 768w, https:\/\/globalgreeneurope.com\/wp-content\/uploads\/2024\/06\/pexels-ellie-burgin-1661546-3283430-1536x1000.jpg 1536w, https:\/\/globalgreeneurope.com\/wp-content\/uploads\/2024\/06\/pexels-ellie-burgin-1661546-3283430-2048x1334.jpg 2048w, https:\/\/globalgreeneurope.com\/wp-content\/uploads\/2024\/06\/pexels-ellie-burgin-1661546-3283430-18x12.jpg 18w\" sizes=\"(max-width: 2560px) 100vw, 2560px\" \/><\/div><\/a>\n\t\t\t\t<div class=\"elementor-post__text\">\n\t\t\t\t<h4 class=\"elementor-post__title\">\n\t\t\t<a href=\"https:\/\/globalgreeneurope.com\/fr\/como-las-empresas-pueden-beneficiarse-de-la-comercializacion-de-residuos\/\" >\n\t\t\t\tComment les entreprises peuvent-elles tirer profit du marketing des d\u00e9chets ?\t\t\t<\/a>\n\t\t<\/h4>\n\t\t\t\t<div class=\"elementor-post__excerpt\">\n\t\t\t<p>Une bonne gestion des d\u00e9chets n'est pas seulement une responsabilit\u00e9 environnementale, mais aussi une opportunit\u00e9 commerciale. La commercialisation\t\t<\/div>\n\t\t\t\t<\/div>\n\t\t\t\t\t<\/div>\n\t\t<\/article>\n\t\t\t\t<article class=\"elementor-post elementor-grid-item post-4839 post type-post status-publish format-standard has-post-thumbnail hentry category-comercializacion-de-residuos\">\n\t\t\t<div class=\"elementor-post__card\">\n\t\t\t\t<a class=\"elementor-post__thumbnail__link\" href=\"https:\/\/globalgreeneurope.com\/fr\/la-importancia-de-la-comercializacion-de-residuos-en-la-economia-circular\/\" tabindex=\"-1\" ><div class=\"elementor-post__thumbnail\"><img loading=\"lazy\" decoding=\"async\" width=\"2560\" height=\"1707\" src=\"https:\/\/globalgreeneurope.com\/wp-content\/uploads\/2024\/06\/pexels-alexfu-2967770-scaled.jpg\" class=\"attachment-full size-full wp-image-4840\" alt=\"\" srcset=\"https:\/\/globalgreeneurope.com\/wp-content\/uploads\/2024\/06\/pexels-alexfu-2967770-scaled.jpg 2560w, https:\/\/globalgreeneurope.com\/wp-content\/uploads\/2024\/06\/pexels-alexfu-2967770-300x200.jpg 300w, https:\/\/globalgreeneurope.com\/wp-content\/uploads\/2024\/06\/pexels-alexfu-2967770-1024x683.jpg 1024w, https:\/\/globalgreeneurope.com\/wp-content\/uploads\/2024\/06\/pexels-alexfu-2967770-768x512.jpg 768w, https:\/\/globalgreeneurope.com\/wp-content\/uploads\/2024\/06\/pexels-alexfu-2967770-1536x1024.jpg 1536w, https:\/\/globalgreeneurope.com\/wp-content\/uploads\/2024\/06\/pexels-alexfu-2967770-2048x1365.jpg 2048w, https:\/\/globalgreeneurope.com\/wp-content\/uploads\/2024\/06\/pexels-alexfu-2967770-18x12.jpg 18w\" sizes=\"(max-width: 2560px) 100vw, 2560px\" \/><\/div><\/a>\n\t\t\t\t<div class=\"elementor-post__text\">\n\t\t\t\t<h4 class=\"elementor-post__title\">\n\t\t\t<a href=\"https:\/\/globalgreeneurope.com\/fr\/la-importancia-de-la-comercializacion-de-residuos-en-la-economia-circular\/\" >\n\t\t\t\tL'importance du marketing des d\u00e9chets dans l'\u00e9conomie circulaire\t\t\t<\/a>\n\t\t<\/h4>\n\t\t\t\t<div class=\"elementor-post__excerpt\">\n\t\t\t<p>Dans un monde o\u00f9 la durabilit\u00e9 est devenue une priorit\u00e9, le marketing des d\u00e9chets joue un r\u00f4le crucial.\t\t<\/div>\n\t\t\t\t<\/div>\n\t\t\t\t\t<\/div>\n\t\t<\/article>\n\t\t\t\t<\/div>\n\t\t\n\t\t\t\t<div class=\"e-load-more-anchor\" data-page=\"1\" data-max-page=\"2\" data-next-page=\"https:\/\/globalgreeneurope.com\/fr\/wp-json\/wp\/v2\/pages\/2286\/page\/2\/\"><\/div>\n\t\t\t\t<nav class=\"elementor-pagination\" aria-label=\"Pagination\">\n\t\t\t<span class=\"page-numbers prev\">Pr\u00e9c\u00e9dent<\/span>\n<a class=\"page-numbers next\" href=\"https:\/\/globalgreeneurope.com\/fr\/wp-json\/wp\/v2\/pages\/2286\/page\/2\/\">Suivant<\/a>\t\t<\/nav>\n\t\t\t\t\t\t<\/div>\n\t\t\t\t<\/div>\n\t\t\t\t\t<\/div>\n\t\t\t\t<\/div>\n\t\t<div class=\"elementor-element elementor-element-b9ede0d e-flex e-con-boxed e-con e-parent\" data-id=\"b9ede0d\" data-element_type=\"container\" data-e-type=\"container\">\n\t\t\t\t\t<div class=\"e-con-inner\">\n\t\t\t\t<div class=\"elementor-element elementor-element-3c6fde4 elementor-widget elementor-widget-spacer\" data-id=\"3c6fde4\" data-element_type=\"widget\" data-e-type=\"widget\" data-widget_type=\"spacer.default\">\n\t\t\t\t<div class=\"elementor-widget-container\">\n\t\t\t\t\t\t\t<div class=\"elementor-spacer\">\n\t\t\t<div class=\"elementor-spacer-inner\"><\/div>\n\t\t<\/div>\n\t\t\t\t\t\t<\/div>\n\t\t\t\t<\/div>\n\t\t\t\t\t<\/div>\n\t\t\t\t<\/div>\n\t\t\t\t<\/div>","protected":false},"excerpt":{"rendered":"<p>Accueil &gt;&gt; Publications Publications<\/p>","protected":false},"author":1,"featured_media":0,"parent":0,"menu_order":0,"comment_status":"closed","ping_status":"closed","template":"","meta":{"_joinchat":[],"footnotes":""},"class_list":["post-2286","page","type-page","status-publish","hentry"],"_links":{"self":[{"href":"https:\/\/globalgreeneurope.com\/fr\/wp-json\/wp\/v2\/pages\/2286","targetHints":{"allow":["GET"]}}],"collection":[{"href":"https:\/\/globalgreeneurope.com\/fr\/wp-json\/wp\/v2\/pages"}],"about":[{"href":"https:\/\/globalgreeneurope.com\/fr\/wp-json\/wp\/v2\/types\/page"}],"author":[{"embeddable":true,"href":"https:\/\/globalgreeneurope.com\/fr\/wp-json\/wp\/v2\/users\/1"}],"replies":[{"embeddable":true,"href":"https:\/\/globalgreeneurope.com\/fr\/wp-json\/wp\/v2\/comments?post=2286"}],"version-history":[{"count":53,"href":"https:\/\/globalgreeneurope.com\/fr\/wp-json\/wp\/v2\/pages\/2286\/revisions"}],"predecessor-version":[{"id":5808,"href":"https:\/\/globalgreeneurope.com\/fr\/wp-json\/wp\/v2\/pages\/2286\/revisions\/5808"}],"wp:attachment":[{"href":"https:\/\/globalgreeneurope.com\/fr\/wp-json\/wp\/v2\/media?parent=2286"}],"curies":[{"name":"wp","href":"https:\/\/api.w.org\/{rel}","templated":true}]}}