{"id":4350,"date":"2024-06-05T07:14:29","date_gmt":"2024-06-05T07:14:29","guid":{"rendered":"https:\/\/globalgreeneurope.com\/?page_id=4350"},"modified":"2024-06-15T15:20:38","modified_gmt":"2024-06-15T15:20:38","slug":"historia","status":"publish","type":"page","link":"https:\/\/globalgreeneurope.com\/fr\/conocenos\/historia\/","title":{"rendered":"L'histoire"},"content":{"rendered":"<div data-elementor-type=\"wp-page\" data-elementor-id=\"4350\" class=\"elementor elementor-4350\" data-elementor-post-type=\"page\">\n\t\t\t\t<div class=\"elementor-element elementor-element-7aeaa3b e-con-full e-flex e-con e-parent\" data-id=\"7aeaa3b\" data-element_type=\"container\" data-e-type=\"container\" data-settings=\"{&quot;background_background&quot;:&quot;classic&quot;}\">\n\t\t<div class=\"elementor-element elementor-element-fb329ac e-flex e-con-boxed e-con e-child\" data-id=\"fb329ac\" data-element_type=\"container\" data-e-type=\"container\">\n\t\t\t\t\t<div class=\"e-con-inner\">\n\t\t\t\t<div class=\"elementor-element elementor-element-26bd6b4 elementor-widget elementor-widget-text-editor\" data-id=\"26bd6b4\" data-element_type=\"widget\" data-e-type=\"widget\" data-widget_type=\"text-editor.default\">\n\t\t\t\t<div class=\"elementor-widget-container\">\n\t\t\t\t\t\t\t\t\t<a style=\"font-size: 14px; font-weight: 400; color: #fff; text-decoration: none;\" href=\"https:\/\/globalgreeneurope.com\/fr\/\">Accueil<\/a> <span style=\"font-size: 14px; font-weight: 400; color: #fff;\">&gt;&gt; <\/span><a style=\"font-size: 14px; font-weight: 400; color: #fff;\" href=\"https:\/\/globalgreeneurope.com\/fr\/conocenos\/\">Nous conna\u00eetre <\/a><span style=\"font-size: 14px; font-weight: 400; color: #fff;\">&gt;&gt; <\/span><span style=\"font-size: 14px; font-weight: 400; color: #fff;\"> L'histoire<\/span>\n<h2 style=\"font-size: 40px; font-weight: 500; color: #fff;\">L'histoire<\/h2>\t\t\t\t\t\t\t\t<\/div>\n\t\t\t\t<\/div>\n\t\t\t\t\t<\/div>\n\t\t\t\t<\/div>\n\t\t\t\t<\/div>\n\t\t<div class=\"elementor-element elementor-element-8e39ac9 e-flex e-con-boxed e-con e-parent\" data-id=\"8e39ac9\" data-element_type=\"container\" data-e-type=\"container\">\n\t\t\t\t\t<div class=\"e-con-inner\">\n\t\t\t\t<div class=\"elementor-element elementor-element-309552b elementor-widget elementor-widget-spacer\" data-id=\"309552b\" data-element_type=\"widget\" data-e-type=\"widget\" data-widget_type=\"spacer.default\">\n\t\t\t\t<div class=\"elementor-widget-container\">\n\t\t\t\t\t\t\t<div class=\"elementor-spacer\">\n\t\t\t<div class=\"elementor-spacer-inner\"><\/div>\n\t\t<\/div>\n\t\t\t\t\t\t<\/div>\n\t\t\t\t<\/div>\n\t\t\t\t\t<\/div>\n\t\t\t\t<\/div>\n\t\t<div class=\"elementor-element elementor-element-3764ba7 e-flex e-con-boxed e-con e-parent\" data-id=\"3764ba7\" data-element_type=\"container\" data-e-type=\"container\">\n\t\t\t\t\t<div class=\"e-con-inner\">\n\t\t\t\t<div class=\"elementor-element elementor-element-cb42bd8 elementor-widget elementor-widget-text-editor\" data-id=\"cb42bd8\" data-element_type=\"widget\" data-e-type=\"widget\" data-widget_type=\"text-editor.default\">\n\t\t\t\t<div class=\"elementor-widget-container\">\n\t\t\t\t\t\t\t\t\t<p>La premi\u00e8re graine de Global Green Europe a germ\u00e9 en 2015 lorsque son partenaire fondateur, Luis Parodi, originaire de Cadix et bas\u00e9 en Chine, a commenc\u00e9 \u00e0 travailler sur les exportations espagnoles de d\u00e9chets m\u00e9talliques. Quelques mois plus tard, il a d\u00e9couvert dans le recyclage du plastique une plus grande diversit\u00e9 de produits et une forte demande pour l'incorporation du recyclage dans les usines chinoises. Profitant de son s\u00e9jour en Chine, il a commenc\u00e9 \u00e0 travailler comme agent pour plusieurs entreprises espagnoles sp\u00e9cialis\u00e9es dans ce secteur. En 2018, il a fond\u00e9 sa propre entreprise.<\/p><p>Bien que Global Green Europe ait fait ses premiers pas en Chine, elle a rapidement atterri en Espagne, d\u00e9marrant \u00e0 Cordoue avec une \u00e9quipe naissante. Aujourd'hui, elle y maintient des bureaux et a \u00e9tendu son r\u00e9seau d'op\u00e9rations au sud de Madrid, entamant un processus d'industrialisation et \u00e9largissant le r\u00e9seau commercial pour couvrir davantage de march\u00e9s et une plus grande diversit\u00e9 de plastiques afin de r\u00e9pondre aux demandes de production internationales.<\/p><p>Global Green Europe continue \u00e0 avoir un fort caract\u00e8re international. Tout en maintenant le rythme des affaires avec l'Asie, elle a r\u00e9guli\u00e8rement \u00e9largi ses march\u00e9s en France, en Italie, en Inde, au Maroc, en Turquie, en Allemagne et au Portugal, entre autres. Avec une \u00e9quipe internationale et multilingue, elle assure une couverture internationale de la demande et de l'\u00e9change de mati\u00e8res plastiques. Cette entreprise ach\u00e8te les restes de plastique d\u00e9j\u00e0 trait\u00e9s lors de la premi\u00e8re \u00e9tape du recyclage pour approvisionner les entreprises qui les transforment en nouveaux produits, leur donnant ainsi une seconde vie utile et g\u00e9n\u00e9rant une \u00e9conomie circulaire, \u00e9vitant une plus grande production de plastique vierge et une plus grande incin\u00e9ration dans les d\u00e9charges, en \u00e9change d'un prix qui a un impact sur l'ensemble de la cha\u00eene de valeur du recyclage.<\/p><p>L'objectif de Global Green Europe est de conserver des clients de longue date dans le secteur des mati\u00e8res premi\u00e8res complexes, de satisfaire la demande internationale en agissant comme un pont entre le recycleur et le fabricant et, bien s\u00fbr, de r\u00e9duire les \u00e9missions de CO2 dans l'atmosph\u00e8re gr\u00e2ce \u00e0 la r\u00e9surrection des plastiques qui passent du statut de d\u00e9chet \u00e0 celui de mati\u00e8re premi\u00e8re. Toute cette spirale commerciale a pour but de cr\u00e9er des emplois en Espagne, de g\u00e9n\u00e9rer de la richesse, de cr\u00e9er la marque Espagne et de recueillir de nouvelles id\u00e9es \u00e0 appliquer dans notre pays afin d'obtenir une plus grande force et un plus grand s\u00e9rieux dans la gestion des d\u00e9chets.\u00a0<\/p><p>En France, par exemple, elles transforment les chutes de production de briques de yaourt en composants d'un climatiseur fabriqu\u00e9 en Chine. En Inde, ils contribuent \u00e0 fournir des mati\u00e8res premi\u00e8res recycl\u00e9es qui seront utilis\u00e9es dans le r\u00e9seau d'\u00e9gouts. D'Italie, ils apportent du plastique utilis\u00e9 pour les semelles de chaussures fabriqu\u00e9es \u00e0 Alicante. Du Maroc, ils envoient en Asie des composants \u00e9lectriques r\u00e9cup\u00e9r\u00e9s de l'industrie automobile qui seront utilis\u00e9s dans d'autres composants \u00e9lectroniques dans l'industrie manufacturi\u00e8re chinoise. Du Portugal, des plastiques de grande valeur sp\u00e9cialis\u00e9s dans l'industrie a\u00e9rospatiale sont envoy\u00e9s en Asie.<\/p>\t\t\t\t\t\t\t\t<\/div>\n\t\t\t\t<\/div>\n\t\t\t\t\t<\/div>\n\t\t\t\t<\/div>\n\t\t<div class=\"elementor-element elementor-element-2f45e70 e-flex e-con-boxed e-con e-parent\" data-id=\"2f45e70\" data-element_type=\"container\" data-e-type=\"container\">\n\t\t\t\t\t<div class=\"e-con-inner\">\n\t\t\t\t<div class=\"elementor-element elementor-element-1b603aa elementor-widget elementor-widget-spacer\" data-id=\"1b603aa\" data-element_type=\"widget\" data-e-type=\"widget\" data-widget_type=\"spacer.default\">\n\t\t\t\t<div class=\"elementor-widget-container\">\n\t\t\t\t\t\t\t<div class=\"elementor-spacer\">\n\t\t\t<div class=\"elementor-spacer-inner\"><\/div>\n\t\t<\/div>\n\t\t\t\t\t\t<\/div>\n\t\t\t\t<\/div>\n\t\t\t\t\t<\/div>\n\t\t\t\t<\/div>\n\t\t<div class=\"elementor-element elementor-element-f6d7bb7 e-flex e-con-boxed e-con e-parent\" data-id=\"f6d7bb7\" data-element_type=\"container\" data-e-type=\"container\" data-settings=\"{&quot;background_background&quot;:&quot;classic&quot;}\">\n\t\t\t\t\t<div class=\"e-con-inner\">\n\t\t\t\t<div class=\"elementor-element elementor-element-484e41d elementor-widget elementor-widget-heading\" data-id=\"484e41d\" data-element_type=\"widget\" data-e-type=\"widget\" data-widget_type=\"heading.default\">\n\t\t\t\t<div class=\"elementor-widget-container\">\n\t\t\t\t\t<h4 class=\"elementor-heading-title elementor-size-default\">Contacter le GGE\n<\/h4>\t\t\t\t<\/div>\n\t\t\t\t<\/div>\n\t\t\t\t<div class=\"elementor-element elementor-element-8adcde6 elementor-widget elementor-widget-text-editor\" data-id=\"8adcde6\" data-element_type=\"widget\" data-e-type=\"widget\" data-widget_type=\"text-editor.default\">\n\t\t\t\t<div class=\"elementor-widget-container\">\n\t\t\t\t\t\t\t\t\t<p>Contactez-nous et nous r\u00e9pondrons dans les plus brefs d\u00e9lais \u00e0 toutes les questions que vous vous posez sur nos services.<\/p>\t\t\t\t\t\t\t\t<\/div>\n\t\t\t\t<\/div>\n\t\t\t\t<div class=\"elementor-element elementor-element-d13d982 elementor-align-center elementor-widget elementor-widget-button\" data-id=\"d13d982\" data-element_type=\"widget\" data-e-type=\"widget\" data-widget_type=\"button.default\">\n\t\t\t\t<div class=\"elementor-widget-container\">\n\t\t\t\t\t\t\t\t\t<div class=\"elementor-button-wrapper\">\n\t\t\t\t\t<a class=\"elementor-button elementor-button-link elementor-size-sm\" href=\"https:\/\/globalgreeneurope.com\/fr\/contacto\/\">\n\t\t\t\t\t\t<span class=\"elementor-button-content-wrapper\">\n\t\t\t\t\t\t\t\t\t<span class=\"elementor-button-text\">CONTACT<\/span>\n\t\t\t\t\t<\/span>\n\t\t\t\t\t<\/a>\n\t\t\t\t<\/div>\n\t\t\t\t\t\t\t\t<\/div>\n\t\t\t\t<\/div>\n\t\t\t\t\t<\/div>\n\t\t\t\t<\/div>\n\t\t\t\t<\/div>","protected":false},"excerpt":{"rendered":"<p>Inicio &gt;&gt; Con\u00f3cenos &gt;&gt; Historia Historia La primera semilla de Global Green Europe germin\u00f3 en el a\u00f1o 2015 cuando su socio fundador, el gaditano Luis Parodi, afincado en China, comenz\u00f3 [&hellip;]<\/p>\n","protected":false},"author":1,"featured_media":0,"parent":16,"menu_order":1,"comment_status":"closed","ping_status":"closed","template":"","meta":{"_joinchat":[],"footnotes":""},"class_list":["post-4350","page","type-page","status-publish","hentry"],"_links":{"self":[{"href":"https:\/\/globalgreeneurope.com\/fr\/wp-json\/wp\/v2\/pages\/4350","targetHints":{"allow":["GET"]}}],"collection":[{"href":"https:\/\/globalgreeneurope.com\/fr\/wp-json\/wp\/v2\/pages"}],"about":[{"href":"https:\/\/globalgreeneurope.com\/fr\/wp-json\/wp\/v2\/types\/page"}],"author":[{"embeddable":true,"href":"https:\/\/globalgreeneurope.com\/fr\/wp-json\/wp\/v2\/users\/1"}],"replies":[{"embeddable":true,"href":"https:\/\/globalgreeneurope.com\/fr\/wp-json\/wp\/v2\/comments?post=4350"}],"version-history":[{"count":13,"href":"https:\/\/globalgreeneurope.com\/fr\/wp-json\/wp\/v2\/pages\/4350\/revisions"}],"predecessor-version":[{"id":5634,"href":"https:\/\/globalgreeneurope.com\/fr\/wp-json\/wp\/v2\/pages\/4350\/revisions\/5634"}],"up":[{"embeddable":true,"href":"https:\/\/globalgreeneurope.com\/fr\/wp-json\/wp\/v2\/pages\/16"}],"wp:attachment":[{"href":"https:\/\/globalgreeneurope.com\/fr\/wp-json\/wp\/v2\/media?parent=4350"}],"curies":[{"name":"wp","href":"https:\/\/api.w.org\/{rel}","templated":true}]}}