{"id":823,"date":"2024-05-21T13:45:29","date_gmt":"2024-05-21T13:45:29","guid":{"rendered":"http:\/\/gge.local\/?page_id=823"},"modified":"2024-06-12T13:03:15","modified_gmt":"2024-06-12T13:03:15","slug":"aviso-legal","status":"publish","type":"page","link":"https:\/\/globalgreeneurope.com\/fr\/aviso-legal\/","title":{"rendered":"Avis juridique"},"content":{"rendered":"<div data-elementor-type=\"wp-page\" data-elementor-id=\"823\" class=\"elementor elementor-823\" data-elementor-post-type=\"page\">\n\t\t\t\t<div class=\"elementor-element elementor-element-78d7b91 e-con-full e-flex e-con e-parent\" data-id=\"78d7b91\" data-element_type=\"container\" data-e-type=\"container\" data-settings=\"{&quot;background_background&quot;:&quot;classic&quot;}\">\n\t\t<div class=\"elementor-element elementor-element-e8b0be4 e-flex e-con-boxed e-con e-child\" data-id=\"e8b0be4\" data-element_type=\"container\" data-e-type=\"container\">\n\t\t\t\t\t<div class=\"e-con-inner\">\n\t\t\t\t<div class=\"elementor-element elementor-element-2023676 elementor-widget elementor-widget-text-editor\" data-id=\"2023676\" data-element_type=\"widget\" data-e-type=\"widget\" data-widget_type=\"text-editor.default\">\n\t\t\t\t<div class=\"elementor-widget-container\">\n\t\t\t\t\t\t\t\t\t<a style=\"font-size: 14px; font-weight: 400; color: #fff; text-decoration: none;\" href=\"https:\/\/globalgreeneurope.com\/fr\/\">Accueil<\/a> <span style=\"font-size: 14px; font-weight: 400; color: #fff;\">&gt;&gt; <\/span><span style=\"font-size: 14px; font-weight: 400; color: #fff;\">Avis juridique<\/span>\n<h2 style=\"font-size: 56px; font-weight: 500; color: #fff;\">Avis juridique<\/h2>\t\t\t\t\t\t\t\t<\/div>\n\t\t\t\t<\/div>\n\t\t\t\t\t<\/div>\n\t\t\t\t<\/div>\n\t\t\t\t<\/div>\n\t\t<div class=\"elementor-element elementor-element-ef50360 e-flex e-con-boxed e-con e-parent\" data-id=\"ef50360\" data-element_type=\"container\" data-e-type=\"container\">\n\t\t\t\t\t<div class=\"e-con-inner\">\n\t\t\t\t<div class=\"elementor-element elementor-element-4d66ad8 elementor-widget elementor-widget-spacer\" data-id=\"4d66ad8\" data-element_type=\"widget\" data-e-type=\"widget\" data-widget_type=\"spacer.default\">\n\t\t\t\t<div class=\"elementor-widget-container\">\n\t\t\t\t\t\t\t<div class=\"elementor-spacer\">\n\t\t\t<div class=\"elementor-spacer-inner\"><\/div>\n\t\t<\/div>\n\t\t\t\t\t\t<\/div>\n\t\t\t\t<\/div>\n\t\t\t\t\t<\/div>\n\t\t\t\t<\/div>\n\t\t<div class=\"elementor-element elementor-element-96b46c3 e-flex e-con-boxed e-con e-parent\" data-id=\"96b46c3\" data-element_type=\"container\" data-e-type=\"container\">\n\t\t\t\t\t<div class=\"e-con-inner\">\n\t\t\t\t<div class=\"elementor-element elementor-element-3d3942e elementor-widget elementor-widget-text-editor\" data-id=\"3d3942e\" data-element_type=\"widget\" data-e-type=\"widget\" data-widget_type=\"text-editor.default\">\n\t\t\t\t<div class=\"elementor-widget-container\">\n\t\t\t\t\t\t\t\t\t<h5 style=\"font-size: 18; font-weight: 500;\">1. DONN\u00c9ES D'IDENTIFICATION<\/h5><p style=\"font-size: 16; font-weight: 400;\">Conform\u00e9ment \u00e0 l'obligation d'information pr\u00e9vue \u00e0 l'article 10 de la loi 34\/2002, du 11 juillet, sur les services de la soci\u00e9t\u00e9 de l'information et le commerce \u00e9lectronique, les informations suivantes sont fournies : la soci\u00e9t\u00e9 propri\u00e9taire du domaine web est Global Green Europe (ci-apr\u00e8s GGE), dont l'adresse est Calle Goleta, 6, 11006, Cadix, num\u00e9ro de C.I. : B72375603.I.F. : B72375603 inscrit au registre du commerce de Cadix, le 22 mai 2.019, au tome 2315, folio 97, page n\u00ba CA-55046, 1\u00e8re inscription. Adresse \u00e9lectronique de contact du site web : admin@globalgreeneurope.com<\/p><h5 style=\"font-size: 18; font-weight: 500;\">2. UTILISATEURS<\/h5><p style=\"font-size: 16; font-weight: 400;\">L'acc\u00e8s et\/ou l'utilisation de ce portail GGE attribue la condition d'UTILISATEUR, qui accepte, \u00e0 partir de cet acc\u00e8s et\/ou de cette utilisation, les Conditions g\u00e9n\u00e9rales d'utilisation refl\u00e9t\u00e9es dans le pr\u00e9sent document. Les conditions g\u00e9n\u00e9rales susmentionn\u00e9es s'appliquent ind\u00e9pendamment des conditions g\u00e9n\u00e9rales du contrat qui, le cas \u00e9ch\u00e9ant, sont obligatoires.<\/p><h5 style=\"font-size: 18; font-weight: 500;\">3. UTILISATION DU PORTAIL<\/h5><p style=\"font-size: 16; font-weight: 400;\">Globalgreeneurope.com donne acc\u00e8s \u00e0 une multitude d'informations, de services, de programmes ou de donn\u00e9es (ci-apr\u00e8s, \"le contenu\") sur Internet appartenant \u00e0 GGE ou \u00e0 ses conc\u00e9dants et auxquels l'UTILISATEUR peut avoir acc\u00e8s. L'UTILISATEUR assume la responsabilit\u00e9 de l'utilisation du portail. Cette responsabilit\u00e9 s'\u00e9tend \u00e0 l'enregistrement \u00e9ventuellement n\u00e9cessaire pour acc\u00e9der \u00e0 certains services ou contenus.<br \/>Lors de cet enregistrement, l'UTILISATEUR est tenu de fournir des informations v\u00e9ridiques et licites. En cons\u00e9quence de cet enregistrement, l'UTILISATEUR peut se voir attribuer un mot de passe dont il est responsable et qu'il s'engage \u00e0 utiliser avec diligence et en toute confidentialit\u00e9. L'UTILISATEUR s'engage \u00e0 faire un usage appropri\u00e9 des contenus et des services (tels que les services de chat, les forums de discussion ou les groupes de discussion) que Nombre de la empresa creadora del sitio web offre \u00e0 travers son portail et, \u00e0 titre d'exemple mais non limitatif, \u00e0 ne pas les utiliser pour (i) r\u00e9aliser des activit\u00e9s illicites, ill\u00e9gales ou contraires \u00e0 la bonne foi et \u00e0 l'ordre public ; (ii) diffuser des contenus ou de la propagande \u00e0 caract\u00e8re raciste, x\u00e9nophobe, pornographique-ill\u00e9gal, faisant l'apologie du terrorisme ou contraire aux droits de l'homme ; (iii) causer des dommages aux syst\u00e8mes physiques et logiques de Nombre de la empresa creadora del sitio web, de ses fournisseurs ou de tiers, introduire ou propager des virus informatiques ou tout autre syst\u00e8me physique ou logique susceptible de causer les dommages susmentionn\u00e9s ; (iv) tenter d'acc\u00e9der et, le cas \u00e9ch\u00e9ant, d'utiliser les comptes de courrier \u00e9lectronique d'autres utilisateurs et de manipuler leurs messages. Nombre de l'entreprise cr\u00e9atrice du site web se r\u00e9serve le droit de supprimer tous les commentaires et contributions qui violent le respect de la dignit\u00e9 de la personne, qui sont discriminatoires, x\u00e9nophobes, racistes, pornographiques, qui portent atteinte \u00e0 la jeunesse ou \u00e0 l'enfance, \u00e0 l'ordre ou \u00e0 la s\u00e9curit\u00e9 publique ou qui, \u00e0 son avis, ne sont pas adapt\u00e9s \u00e0 la publication. En tout \u00e9tat de cause, GGE ne sera pas responsable des opinions exprim\u00e9es par les utilisateurs \u00e0 travers les forums, chats ou autres outils de participation.<\/p><h5 style=\"font-size: 18; font-weight: 500;\">4. PROTECTION DES DONN\u00c9ES<\/h5><p style=\"font-size: 16; font-weight: 400;\">GGE respecte les directives de la loi organique 15\/1999 du 13 d\u00e9cembre sur la protection des donn\u00e9es \u00e0 caract\u00e8re personnel, le d\u00e9cret royal 1720\/2007 du 21 d\u00e9cembre, qui approuve le r\u00e8glement de d\u00e9veloppement de la loi organique et d'autres r\u00e8glements en vigueur \u00e0 tout moment, et garantit l'utilisation et le traitement corrects des donn\u00e9es \u00e0 caract\u00e8re personnel de l'utilisateur. \u00c0 cette fin, avec chaque formulaire de collecte de donn\u00e9es personnelles, dans les services que l'utilisateur peut demander \u00e0 info@globalgreeneurope.com, l'utilisateur sera inform\u00e9 de l'existence et de l'acceptation des conditions sp\u00e9cifiques du traitement de ses donn\u00e9es dans chaque cas, en l'informant de la responsabilit\u00e9 du fichier cr\u00e9\u00e9, de l'adresse du responsable, de la possibilit\u00e9 d'exercer ses droits d'acc\u00e8s, de rectification, d'annulation ou d'opposition, de la finalit\u00e9 du traitement et de la communication des donn\u00e9es \u00e0 des tiers, le cas \u00e9ch\u00e9ant.<br \/>De m\u00eame, GGE vous informe qu'il respecte la loi 34\/2002 du 11 juillet sur les services de la soci\u00e9t\u00e9 de l'information et le commerce \u00e9lectronique et qu'il vous demandera \u00e0 tout moment votre consentement pour le traitement de votre courrier \u00e9lectronique \u00e0 des fins commerciales.<\/p><h5 style=\"font-size: 18; font-weight: 500;\">5. PROPRI\u00c9T\u00c9 INTELLECTUELLE ET INDUSTRIELLE<\/h5><p style=\"font-size: 16; font-weight: 400;\">GGE lui-m\u00eame ou en tant que cessionnaire, est titulaire de tous les droits de propri\u00e9t\u00e9 intellectuelle et industrielle de son site web, ainsi que des \u00e9l\u00e9ments qu'il contient (y compris, mais sans s'y limiter, les images, le son, l'audio, la vid\u00e9o, les logiciels ou les textes ; les marques ou les logos, les combinaisons de couleurs, la structure et la conception, la s\u00e9lection des mat\u00e9riaux utilis\u00e9s, les programmes informatiques n\u00e9cessaires au fonctionnement, \u00e0 l'acc\u00e8s et \u00e0 l'utilisation du site, etc.<br \/>Tous droits r\u00e9serv\u00e9s. Conform\u00e9ment aux dispositions des articles 8 et 32.1, deuxi\u00e8me alin\u00e9a, de la loi sur la propri\u00e9t\u00e9 intellectuelle, la reproduction, la distribution et la communication publique, y compris la mise \u00e0 disposition, de tout ou partie du contenu de ce site Web, \u00e0 des fins commerciales, sur tout support et par tout moyen technique, sans l'autorisation de GGE, sont express\u00e9ment interdites. L'UTILISATEUR s'engage \u00e0 respecter les droits de propri\u00e9t\u00e9 intellectuelle et industrielle d\u00e9tenus par GGE. Vous pouvez visualiser les \u00e9l\u00e9ments du portail et m\u00eame les imprimer, les copier et les stocker sur le disque dur de votre ordinateur ou sur tout autre support physique, \u00e0 condition que ce soit uniquement et exclusivement pour votre usage personnel et priv\u00e9. L'UTILISATEUR s'abstient de supprimer, d'alt\u00e9rer, d'\u00e9luder ou de manipuler tout dispositif de protection ou syst\u00e8me de s\u00e9curit\u00e9 install\u00e9 sur le site web de GGE.<\/p><h5 style=\"font-size: 18; font-weight: 500;\">6. EXCLUSION DES GARANTIES ET DE LA RESPONSABILIT\u00c9<\/h5><p style=\"font-size: 16; font-weight: 400;\">GGE n'est en aucun cas responsable des dommages de toute nature qui peuvent \u00eatre caus\u00e9s par, mais sans s'y limiter : des erreurs ou des omissions dans le contenu, le manque de disponibilit\u00e9 du portail ou la transmission de virus ou de programmes malveillants ou nuisibles dans le contenu, bien qu'il ait pris toutes les mesures technologiques n\u00e9cessaires pour l'emp\u00eacher.<\/p><h5 style=\"font-size: 18; font-weight: 500;\">7. MODIFICATIONS<\/h5><p style=\"font-size: 16; font-weight: 400;\">GGE se r\u00e9serve le droit d'apporter les modifications qu'il juge opportunes \u00e0 son portail sans pr\u00e9avis, pouvant changer, supprimer ou ajouter aussi bien le contenu et les services fournis \u00e0 travers celui-ci que la fa\u00e7on dont ils sont pr\u00e9sent\u00e9s ou situ\u00e9s sur son portail.<\/p><h5 style=\"font-size: 18; font-weight: 500;\">8. LIENS<\/h5><p style=\"font-size: 16; font-weight: 400;\">Au cas o\u00f9 globalgreeneurope.com contiendrait des liens ou des hyperliens vers d'autres sites Internet, GGE n'exercera aucun contr\u00f4le sur ces sites et leur contenu. En aucun cas, le GGE n'assume la responsabilit\u00e9 du contenu d'un lien appartenant \u00e0 un site Internet externe, ni ne garantit la disponibilit\u00e9 technique, la qualit\u00e9, la fiabilit\u00e9, l'exactitude, l'exhaustivit\u00e9, la pr\u00e9cision, la validit\u00e9 et la constitutionnalit\u00e9 de tout mat\u00e9riel ou information contenu dans l'un de ces hyperliens ou dans d'autres sites Internet.<br \/>De m\u00eame, l'inclusion de ces connexions externes n'implique aucune forme d'association, de fusion ou de participation avec les entit\u00e9s connect\u00e9es.<\/p><h5 style=\"font-size: 18; font-weight: 500;\">9. DROIT D'EXCLUSION<\/h5><p style=\"font-size: 16; font-weight: 400;\">GGE se r\u00e9serve le droit de refuser ou de retirer l'acc\u00e8s au portail et\/ou aux services offerts sans pr\u00e9avis, \u00e0 sa propre demande ou \u00e0 la demande d'un tiers, aux utilisateurs qui ne respectent pas les pr\u00e9sentes conditions g\u00e9n\u00e9rales d'utilisation.<\/p><h5 style=\"font-size: 18; font-weight: 500;\">10.G\u00c9N\u00c9RAL<\/h5><p style=\"font-size: 16; font-weight: 400;\">GGE poursuivra la violation de ces conditions ainsi que toute utilisation abusive de son site web, en exer\u00e7ant toutes les actions civiles et p\u00e9nales qui peuvent lui correspondre en vertu de la loi.<\/p><h5 style=\"font-size: 18; font-weight: 500;\">11. MODIFICATION DES PR\u00c9SENTES CONDITIONS ET DUR\u00c9E<\/h5><p style=\"font-size: 16; font-weight: 400;\">GGE peut modifier \u00e0 tout moment les conditions \u00e9nonc\u00e9es ici, d\u00fbment publi\u00e9es telles qu'elles apparaissent ici.<br \/>La validit\u00e9 de ces conditions d\u00e9pend de leur exposition et reste en vigueur jusqu'\u00e0 ce qu'elles soient d\u00fbment publi\u00e9es. elles sont modifi\u00e9es par d'autres.<\/p><h5 style=\"font-size: 18; font-weight: 500;\">12. DROIT APPLICABLE ET JURIDICTION<\/h5><p style=\"font-size: 16; font-weight: 400;\">Les relations entre GGE et l'UTILISATEUR sont r\u00e9gies par la l\u00e9gislation espagnole en vigueur et tout litige sera soumis aux cours et tribunaux de la ville de Cadix.<\/p>\t\t\t\t\t\t\t\t<\/div>\n\t\t\t\t<\/div>\n\t\t\t\t\t<\/div>\n\t\t\t\t<\/div>\n\t\t<div class=\"elementor-element elementor-element-602b821 e-flex e-con-boxed e-con e-parent\" data-id=\"602b821\" data-element_type=\"container\" data-e-type=\"container\">\n\t\t\t\t\t<div class=\"e-con-inner\">\n\t\t\t\t<div class=\"elementor-element elementor-element-bbab06e elementor-widget elementor-widget-spacer\" data-id=\"bbab06e\" data-element_type=\"widget\" data-e-type=\"widget\" data-widget_type=\"spacer.default\">\n\t\t\t\t<div class=\"elementor-widget-container\">\n\t\t\t\t\t\t\t<div class=\"elementor-spacer\">\n\t\t\t<div class=\"elementor-spacer-inner\"><\/div>\n\t\t<\/div>\n\t\t\t\t\t\t<\/div>\n\t\t\t\t<\/div>\n\t\t\t\t\t<\/div>\n\t\t\t\t<\/div>\n\t\t\t\t<\/div>","protected":false},"excerpt":{"rendered":"<p>Inicio &gt;&gt; Aviso Legal Aviso Legal 1. DATOS IDENTIFICATIVOS cumplimiento con el deber de informaci\u00f3n recogido en art\u00edculo 10 de la Ley 34\/2002, de 11 de julio, de Servicios de [&hellip;]<\/p>\n","protected":false},"author":1,"featured_media":0,"parent":0,"menu_order":0,"comment_status":"closed","ping_status":"closed","template":"","meta":{"_joinchat":[],"footnotes":""},"class_list":["post-823","page","type-page","status-publish","hentry"],"_links":{"self":[{"href":"https:\/\/globalgreeneurope.com\/fr\/wp-json\/wp\/v2\/pages\/823","targetHints":{"allow":["GET"]}}],"collection":[{"href":"https:\/\/globalgreeneurope.com\/fr\/wp-json\/wp\/v2\/pages"}],"about":[{"href":"https:\/\/globalgreeneurope.com\/fr\/wp-json\/wp\/v2\/types\/page"}],"author":[{"embeddable":true,"href":"https:\/\/globalgreeneurope.com\/fr\/wp-json\/wp\/v2\/users\/1"}],"replies":[{"embeddable":true,"href":"https:\/\/globalgreeneurope.com\/fr\/wp-json\/wp\/v2\/comments?post=823"}],"version-history":[{"count":59,"href":"https:\/\/globalgreeneurope.com\/fr\/wp-json\/wp\/v2\/pages\/823\/revisions"}],"predecessor-version":[{"id":5205,"href":"https:\/\/globalgreeneurope.com\/fr\/wp-json\/wp\/v2\/pages\/823\/revisions\/5205"}],"wp:attachment":[{"href":"https:\/\/globalgreeneurope.com\/fr\/wp-json\/wp\/v2\/media?parent=823"}],"curies":[{"name":"wp","href":"https:\/\/api.w.org\/{rel}","templated":true}]}}