{"id":825,"date":"2024-05-21T13:46:10","date_gmt":"2024-05-21T13:46:10","guid":{"rendered":"http:\/\/gge.local\/?page_id=825"},"modified":"2024-06-12T13:00:41","modified_gmt":"2024-06-12T13:00:41","slug":"politica-de-privacidad","status":"publish","type":"page","link":"https:\/\/globalgreeneurope.com\/fr\/politica-de-privacidad\/","title":{"rendered":"Politique de confidentialit\u00e9"},"content":{"rendered":"<div data-elementor-type=\"wp-page\" data-elementor-id=\"825\" class=\"elementor elementor-825\" data-elementor-post-type=\"page\">\n\t\t\t\t<div class=\"elementor-element elementor-element-29991ca e-con-full e-flex e-con e-parent\" data-id=\"29991ca\" data-element_type=\"container\" data-e-type=\"container\" data-settings=\"{&quot;background_background&quot;:&quot;classic&quot;}\">\n\t\t<div class=\"elementor-element elementor-element-cc3c228 e-flex e-con-boxed e-con e-child\" data-id=\"cc3c228\" data-element_type=\"container\" data-e-type=\"container\">\n\t\t\t\t\t<div class=\"e-con-inner\">\n\t\t\t\t<div class=\"elementor-element elementor-element-8d455ad elementor-widget elementor-widget-text-editor\" data-id=\"8d455ad\" data-element_type=\"widget\" data-e-type=\"widget\" data-widget_type=\"text-editor.default\">\n\t\t\t\t<div class=\"elementor-widget-container\">\n\t\t\t\t\t\t\t\t\t<a style=\"font-size: 14px; font-weight: 400; color: #fff; text-decoration: none;\" href=\"https:\/\/globalgreeneurope.com\/fr\/\">Accueil<\/a> <span style=\"font-size: 14px; font-weight: 400; color: #fff;\">&gt;&gt; <\/span><span style=\"font-size: 14px; font-weight: 400; color: #fff;\">Politique de confidentialit\u00e9<\/span>\n<h2 style=\"font-size: 56px; font-weight: 500; color: #fff;\">Politique de confidentialit\u00e9<\/h2>\t\t\t\t\t\t\t\t<\/div>\n\t\t\t\t<\/div>\n\t\t\t\t\t<\/div>\n\t\t\t\t<\/div>\n\t\t\t\t<\/div>\n\t\t<div class=\"elementor-element elementor-element-b22813b e-flex e-con-boxed e-con e-parent\" data-id=\"b22813b\" data-element_type=\"container\" data-e-type=\"container\">\n\t\t\t\t\t<div class=\"e-con-inner\">\n\t\t\t\t<div class=\"elementor-element elementor-element-a38cfa3 elementor-widget elementor-widget-spacer\" data-id=\"a38cfa3\" data-element_type=\"widget\" data-e-type=\"widget\" data-widget_type=\"spacer.default\">\n\t\t\t\t<div class=\"elementor-widget-container\">\n\t\t\t\t\t\t\t<div class=\"elementor-spacer\">\n\t\t\t<div class=\"elementor-spacer-inner\"><\/div>\n\t\t<\/div>\n\t\t\t\t\t\t<\/div>\n\t\t\t\t<\/div>\n\t\t\t\t\t<\/div>\n\t\t\t\t<\/div>\n\t\t<div class=\"elementor-element elementor-element-229fbff e-flex e-con-boxed e-con e-parent\" data-id=\"229fbff\" data-element_type=\"container\" data-e-type=\"container\">\n\t\t\t\t\t<div class=\"e-con-inner\">\n\t\t\t\t<div class=\"elementor-element elementor-element-4a5fb7f elementor-widget elementor-widget-text-editor\" data-id=\"4a5fb7f\" data-element_type=\"widget\" data-e-type=\"widget\" data-widget_type=\"text-editor.default\">\n\t\t\t\t<div class=\"elementor-widget-container\">\n\t\t\t\t\t\t\t\t\t<p style=\"font-size: 16; font-weight: 400;\">La pr\u00e9sente politique de confidentialit\u00e9 d\u00e9finit les conditions dans lesquelles nous utilisons et prot\u00e9geons les informations que vous nous fournissez lorsque vous utilisez ce site web. Cette soci\u00e9t\u00e9 s'engage \u00e0 assurer la s\u00e9curit\u00e9 de vos informations. Lorsque nous vous demandons de fournir des informations personnelles permettant de vous identifier, nous le faisons avec l'assurance qu'elles ne seront utilis\u00e9es que conform\u00e9ment aux dispositions du pr\u00e9sent document. Toutefois, cette politique de confidentialit\u00e9 peut changer au fil du temps ou \u00eatre mise \u00e0 jour et nous vous encourageons \u00e0 consulter r\u00e9guli\u00e8rement cette page pour vous assurer que vous \u00eates satisfait de tout changement.<\/p>\n\n<h5 style=\"font-size: 18; font-weight: 500;\">Informations collect\u00e9es<\/h5>\n<p style=\"font-size: 16; font-weight: 400;\">Notre site web peut recueillir des informations personnelles telles que le nom, des informations de contact telles que l'adresse \u00e9lectronique et des informations d\u00e9mographiques. En outre, si n\u00e9cessaire, des informations sp\u00e9cifiques peuvent \u00eatre requises pour traiter une commande, effectuer une livraison ou une facturation.<\/p>\n<h5 style=\"font-size: 18; font-weight: 500;\">Utilisation des informations collect\u00e9es<\/h5>\n<p style=\"font-size: 16; font-weight: 400;\">Notre site web utilise les informations pour vous fournir le meilleur service possible, en particulier pour suivre les utilisateurs, pour suivre les commandes le cas \u00e9ch\u00e9ant, et pour am\u00e9liorer nos produits et services. Nous pouvons p\u00e9riodiquement envoyer des courriels par l'interm\u00e9diaire de notre site avec des offres sp\u00e9ciales, de nouveaux produits et d'autres informations promotionnelles qui, selon nous, peuvent vous concerner ou vous \u00eatre utiles ; ces courriels seront envoy\u00e9s \u00e0 l'adresse que vous avez fournie et vous pouvez vous en d\u00e9sabonner \u00e0 tout moment.\nNous sommes tr\u00e8s attach\u00e9s \u00e0 la s\u00e9curit\u00e9 de vos informations. Nous utilisons des syst\u00e8mes de pointe et les mettons constamment \u00e0 jour pour \u00e9viter tout acc\u00e8s non autoris\u00e9.<\/p>\n<h5 style=\"font-size: 18; font-weight: 500;\">Cookies<\/h5>\n<p style=\"font-size: 16; font-weight: 400;\">Un cookie est un fichier envoy\u00e9 dans le but de demander l'autorisation d'\u00eatre stock\u00e9 sur votre ordinateur. En acceptant, ce fichier est cr\u00e9\u00e9 et le cookie est ensuite utilis\u00e9 pour obtenir des informations sur le trafic web et faciliter les visites futures sur un site web r\u00e9current. Une autre fonction des cookies est qu'ils permettent au site web de vous reconna\u00eetre individuellement et donc de vous fournir le meilleur service personnalis\u00e9 sur leur site web.\nNotre site web utilise des cookies pour identifier les pages visit\u00e9es et leur fr\u00e9quence. Ces informations ne sont utilis\u00e9es qu'\u00e0 des fins d'analyse statistique et sont ensuite d\u00e9finitivement effac\u00e9es. Vous pouvez supprimer les cookies \u00e0 tout moment de votre ordinateur. Cependant, les cookies aident \u00e0 fournir un meilleur service de la part des sites web, ils ne donnent pas acc\u00e8s \u00e0 des informations sur votre ordinateur ou sur vous, \u00e0 moins que vous ne choisissiez de les fournir directement \u00e0 un site web. Vous pouvez accepter ou refuser l'utilisation de cookies, mais la plupart des navigateurs acceptent automatiquement les cookies, car ils permettent d'offrir un meilleur service web. Vous pouvez \u00e9galement modifier les param\u00e8tres de votre ordinateur pour refuser les cookies. Si vous refusez les cookies, il se peut que vous ne puissiez pas utiliser certains de nos services.<\/p>\n<h5 style=\"font-size: 18; font-weight: 500;\">Liens vers des tiers<\/h5>\n<p style=\"font-size: 16; font-weight: 400;\">Ce site web peut contenir des liens vers d'autres sites web susceptibles de vous int\u00e9resser. Une fois que vous avez cliqu\u00e9 sur ces liens et quitt\u00e9 notre site, nous n'avons plus aucun contr\u00f4le sur le site vers lequel vous avez \u00e9t\u00e9 redirig\u00e9 et nous ne sommes donc pas responsables des conditions ou des pratiques en mati\u00e8re de protection de la vie priv\u00e9e ou des donn\u00e9es de ces autres sites. Ces sites sont soumis \u00e0 leurs propres politiques de confidentialit\u00e9 et vous devez les v\u00e9rifier pour vous assurer qu'elles vous conviennent.<\/p>\n<h5 style=\"font-size: 18; font-weight: 500;\">Contr\u00f4le de vos donn\u00e9es personnelles<\/h5>\n<p style=\"font-size: 16; font-weight: 400;\">Vous pouvez \u00e0 tout moment restreindre la collecte ou l'utilisation des informations personnelles que vous fournissez sur notre site web. Chaque fois qu'il vous est demand\u00e9 de remplir un formulaire, tel qu'un formulaire d'inscription, vous pouvez cocher ou d\u00e9cocher l'option permettant de recevoir des informations par courrier \u00e9lectronique. Si vous avez coch\u00e9 l'option de recevoir notre bulletin d'information ou de la publicit\u00e9, vous pouvez l'annuler \u00e0 tout moment.\nCette soci\u00e9t\u00e9 ne vendra pas, ne donnera pas ou ne distribuera pas les informations personnelles collect\u00e9es sans votre consentement, \u00e0 moins d'y \u00eatre oblig\u00e9e par une d\u00e9cision de justice.\nNous nous r\u00e9servons le droit de modifier les termes de cette politique de confidentialit\u00e9 \u00e0 tout moment.<\/p>\t\t\t\t\t\t\t\t<\/div>\n\t\t\t\t<\/div>\n\t\t\t\t\t<\/div>\n\t\t\t\t<\/div>\n\t\t<div class=\"elementor-element elementor-element-4af127c e-flex e-con-boxed e-con e-parent\" data-id=\"4af127c\" data-element_type=\"container\" data-e-type=\"container\">\n\t\t\t\t\t<div class=\"e-con-inner\">\n\t\t\t\t<div class=\"elementor-element elementor-element-4ce3b3c elementor-widget elementor-widget-spacer\" data-id=\"4ce3b3c\" data-element_type=\"widget\" data-e-type=\"widget\" data-widget_type=\"spacer.default\">\n\t\t\t\t<div class=\"elementor-widget-container\">\n\t\t\t\t\t\t\t<div class=\"elementor-spacer\">\n\t\t\t<div class=\"elementor-spacer-inner\"><\/div>\n\t\t<\/div>\n\t\t\t\t\t\t<\/div>\n\t\t\t\t<\/div>\n\t\t\t\t\t<\/div>\n\t\t\t\t<\/div>\n\t\t\t\t<\/div>","protected":false},"excerpt":{"rendered":"<p>Inicio &gt;&gt; Pol\u00edtica de Privacidad Pol\u00edtica de Privacidad La presente Pol\u00edtica de Privacidad establece los t\u00e9rminos en que usa y protege la informaci\u00f3n que es proporcionada por sus usuarios al [&hellip;]<\/p>\n","protected":false},"author":1,"featured_media":0,"parent":0,"menu_order":0,"comment_status":"closed","ping_status":"closed","template":"","meta":{"_joinchat":[],"footnotes":""},"class_list":["post-825","page","type-page","status-publish","hentry"],"_links":{"self":[{"href":"https:\/\/globalgreeneurope.com\/fr\/wp-json\/wp\/v2\/pages\/825","targetHints":{"allow":["GET"]}}],"collection":[{"href":"https:\/\/globalgreeneurope.com\/fr\/wp-json\/wp\/v2\/pages"}],"about":[{"href":"https:\/\/globalgreeneurope.com\/fr\/wp-json\/wp\/v2\/types\/page"}],"author":[{"embeddable":true,"href":"https:\/\/globalgreeneurope.com\/fr\/wp-json\/wp\/v2\/users\/1"}],"replies":[{"embeddable":true,"href":"https:\/\/globalgreeneurope.com\/fr\/wp-json\/wp\/v2\/comments?post=825"}],"version-history":[{"count":29,"href":"https:\/\/globalgreeneurope.com\/fr\/wp-json\/wp\/v2\/pages\/825\/revisions"}],"predecessor-version":[{"id":5196,"href":"https:\/\/globalgreeneurope.com\/fr\/wp-json\/wp\/v2\/pages\/825\/revisions\/5196"}],"wp:attachment":[{"href":"https:\/\/globalgreeneurope.com\/fr\/wp-json\/wp\/v2\/media?parent=825"}],"curies":[{"name":"wp","href":"https:\/\/api.w.org\/{rel}","templated":true}]}}