{"id":827,"date":"2024-05-21T13:47:00","date_gmt":"2024-05-21T13:47:00","guid":{"rendered":"http:\/\/gge.local\/?page_id=827"},"modified":"2024-06-12T13:02:11","modified_gmt":"2024-06-12T13:02:11","slug":"politica-de-cookies","status":"publish","type":"page","link":"https:\/\/globalgreeneurope.com\/fr\/politica-de-cookies\/","title":{"rendered":"Politique en mati\u00e8re de cookies"},"content":{"rendered":"<div data-elementor-type=\"wp-page\" data-elementor-id=\"827\" class=\"elementor elementor-827\" data-elementor-post-type=\"page\">\n\t\t\t\t<div class=\"elementor-element elementor-element-5ec3fb2 e-con-full e-flex e-con e-parent\" data-id=\"5ec3fb2\" data-element_type=\"container\" data-e-type=\"container\" data-settings=\"{&quot;background_background&quot;:&quot;classic&quot;}\">\n\t\t<div class=\"elementor-element elementor-element-421b14f e-flex e-con-boxed e-con e-child\" data-id=\"421b14f\" data-element_type=\"container\" data-e-type=\"container\">\n\t\t\t\t\t<div class=\"e-con-inner\">\n\t\t\t\t<div class=\"elementor-element elementor-element-c34413b elementor-widget elementor-widget-text-editor\" data-id=\"c34413b\" data-element_type=\"widget\" data-e-type=\"widget\" data-widget_type=\"text-editor.default\">\n\t\t\t\t<div class=\"elementor-widget-container\">\n\t\t\t\t\t\t\t\t\t<a style=\"font-size: 14px; font-weight: 400; color: #fff; text-decoration: none;\" href=\"https:\/\/globalgreeneurope.com\/fr\/\">Accueil<\/a> <span style=\"font-size: 14px; font-weight: 400; color: #fff;\">&gt;&gt; <\/span><span style=\"font-size: 14px; font-weight: 400; color: #fff;\">Politique en mati\u00e8re de cookies<\/span>\n<h2 style=\"font-size: 56px; font-weight: 500; color: #fff;\">Politique en mati\u00e8re de cookies<\/h2>\n\t\t\t\t\t\t\t\t<\/div>\n\t\t\t\t<\/div>\n\t\t\t\t\t<\/div>\n\t\t\t\t<\/div>\n\t\t\t\t<\/div>\n\t\t<div class=\"elementor-element elementor-element-d2cd2c4 e-flex e-con-boxed e-con e-parent\" data-id=\"d2cd2c4\" data-element_type=\"container\" data-e-type=\"container\">\n\t\t\t\t\t<div class=\"e-con-inner\">\n\t\t\t\t<div class=\"elementor-element elementor-element-b31d95a elementor-widget elementor-widget-spacer\" data-id=\"b31d95a\" data-element_type=\"widget\" data-e-type=\"widget\" data-widget_type=\"spacer.default\">\n\t\t\t\t<div class=\"elementor-widget-container\">\n\t\t\t\t\t\t\t<div class=\"elementor-spacer\">\n\t\t\t<div class=\"elementor-spacer-inner\"><\/div>\n\t\t<\/div>\n\t\t\t\t\t\t<\/div>\n\t\t\t\t<\/div>\n\t\t\t\t\t<\/div>\n\t\t\t\t<\/div>\n\t\t<div class=\"elementor-element elementor-element-0f47d8d e-flex e-con-boxed e-con e-parent\" data-id=\"0f47d8d\" data-element_type=\"container\" data-e-type=\"container\">\n\t\t\t\t\t<div class=\"e-con-inner\">\n\t\t\t\t<div class=\"elementor-element elementor-element-e213375 elementor-widget elementor-widget-text-editor\" data-id=\"e213375\" data-element_type=\"widget\" data-e-type=\"widget\" data-widget_type=\"text-editor.default\">\n\t\t\t\t<div class=\"elementor-widget-container\">\n\t\t\t\t\t\t\t\t\t<p style=\"font-size: 16; font-weight: 400;\">Conform\u00e9ment aux dispositions de l'article 22.2 de la loi 34\/2002, du 11 juillet, sur les services de la soci\u00e9t\u00e9 de l'information et le commerce \u00e9lectronique, ce site web vous informe, dans cette section, des \u00e9l\u00e9ments suivants <strong>politique de collecte et de traitement des cookies<\/strong>.<\/p><h5 style=\"font-size: 18; font-weight: 500;\">QU'EST-CE QU'UN BISCUIT ?<\/h5><p style=\"font-size: 16; font-weight: 400;\">Un cookie est un fichier qui est t\u00e9l\u00e9charg\u00e9 sur votre ordinateur lorsque vous acc\u00e9dez \u00e0 certains sites web. Les cookies permettent \u00e0 un site web, entre autres, de stocker et de r\u00e9cup\u00e9rer des informations sur les habitudes de navigation d'un utilisateur ou de son ordinateur et, en fonction des informations qu'ils contiennent et de la mani\u00e8re dont vous utilisez votre ordinateur, ils peuvent \u00eatre utilis\u00e9s pour reconna\u00eetre l'utilisateur.<\/p><h5 style=\"font-size: 18; font-weight: 500;\">QUELS TYPES DE COOKIES CE SITE WEB UTILISE-T-IL ?<\/h5><p style=\"font-size: 16; font-weight: 400;\">Ce site web utilise les types de cookies suivants :<\/p><p style=\"font-size: 16; font-weight: 400;\"><strong>Cookies analytiques<\/strong>Ce sont ceux qui sont bien trait\u00e9s par nous ou par des tiers, qui nous permettent de quantifier le nombre d'utilisateurs et de r\u00e9aliser ainsi la mesure et l'analyse statistique de l'utilisation faite par les utilisateurs du service offert. Pour ce faire, votre navigation sur notre site web est analys\u00e9e afin d'am\u00e9liorer la gamme de produits ou de services que nous proposons.<\/p><p style=\"font-size: 16; font-weight: 400;\"><strong>Cookies techniques<\/strong>Ce sont celles qui permettent \u00e0 l'utilisateur de naviguer dans la zone r\u00e9serv\u00e9e et d'utiliser ses diff\u00e9rentes fonctions, comme, par exemple, d'effectuer le processus d'achat d'un article.<\/p><p style=\"font-size: 16; font-weight: 400;\"><strong>Cookies de personnalisation<\/strong>Il s'agit de ceux qui permettent \u00e0 l'utilisateur d'acc\u00e9der au service avec certaines caract\u00e9ristiques g\u00e9n\u00e9rales pr\u00e9d\u00e9finies en fonction d'une s\u00e9rie de crit\u00e8res dans le terminal de l'utilisateur, comme, par exemple, la langue ou le type de navigateur par lequel l'utilisateur se connecte au service.<\/p><p style=\"font-size: 16; font-weight: 400;\"><strong>Cookies publicitaires<\/strong>Il s'agit des donn\u00e9es qui, trait\u00e9es par ce site ou par des tiers, nous permettent de g\u00e9rer au mieux l'offre d'espaces publicitaires sur le site, en adaptant le contenu de la publicit\u00e9 au contenu du service demand\u00e9 ou \u00e0 l'utilisation que vous faites de notre site. Pour ce faire, nous pouvons analyser vos habitudes de navigation sur Internet et vous pr\u00e9senter des publicit\u00e9s en rapport avec votre profil de navigation.<\/p><p style=\"font-size: 16; font-weight: 400;\"><strong>Cookies de publicit\u00e9 comportementale<\/strong>Cookies : Ce sont ceux qui permettent de g\u00e9rer, de la mani\u00e8re la plus efficace possible, les espaces publicitaires que, le cas \u00e9ch\u00e9ant, l'\u00e9diteur a inclus sur un site web, une application ou une plate-forme \u00e0 partir de laquelle le service demand\u00e9 est fourni. Ce type de cookie stocke des informations sur le comportement des visiteurs obtenues gr\u00e2ce \u00e0 l'observation continue de leurs habitudes de navigation, ce qui permet de d\u00e9velopper un profil sp\u00e9cifique afin d'afficher des publicit\u00e9s bas\u00e9es sur ce dernier.<\/p><h5 style=\"font-size: 18; font-weight: 500;\">D\u00c9SACTIVER LES COOKIES.<\/h5><p style=\"font-size: 16; font-weight: 400;\">Vous pouvez <strong>autoriser, bloquer ou supprimer les cookies<\/strong> install\u00e9 sur votre ordinateur en configurant les options du navigateur install\u00e9 sur votre ordinateur.<br \/>La plupart des navigateurs web offrent la possibilit\u00e9 d'autoriser, de bloquer ou de supprimer les cookies install\u00e9s sur votre ordinateur.<br \/>Vous pouvez acc\u00e9der ci-dessous aux param\u00e8tres des navigateurs web les plus courants pour accepter, installer ou d\u00e9sactiver les cookies :<\/p><p><a style=\"font-size: 16; font-weight: 400; color: #418a53; text-decoration: none;\" href=\"https:\/\/support.google.com\/chrome\/answer\/95647?hl=es\" target=\"_blank\" rel=\"noopener noreferrer\">Configuration des cookies dans Google Chrome<\/a><br \/><a style=\"font-size: 16; font-weight: 400; color: #418a53; text-decoration: none;\" href=\"http:\/\/windows.microsoft.com\/es-es\/windows7\/how-to-manage-cookies-in-internet-explorer-9\" target=\"_blank\" rel=\"noopener noreferrer\">Param\u00e9trage des cookies dans Microsoft Internet Explorer<\/a><br \/><a style=\"font-size: 16; font-weight: 400; color: #418a53; text-decoration: none;\" href=\"https:\/\/support.mozilla.org\/es\/kb\/habilitar-y-deshabilitar-cookies-sitios-web-rastrear-preferencias?redirectlocale=es&amp;redirectslug=habilitar-y-deshabilitar-cookies-que-los-sitios-we\" target=\"_blank\" rel=\"noopener noreferrer\">Configuration des cookies dans Mozilla Firefox<\/a><br \/><a style=\"font-size: 16; font-weight: 400; color: #418a53; text-decoration: none;\" href=\"https:\/\/support.apple.com\/es-es\/HT201265\" target=\"_blank\" rel=\"noopener noreferrer\">Configuration des cookies dans Safari (Apple)<\/a><\/p><h5 style=\"font-size: 18; font-weight: 500;\">LES COOKIES DE TIERS.<\/h5><p style=\"font-size: 16; font-weight: 400;\">Ce site web utilise des services tiers pour collecter des informations \u00e0 des fins statistiques et d'utilisation du web. Les cookies DoubleClick sont utilis\u00e9s pour am\u00e9liorer la publicit\u00e9 incluse sur le site web. Ils sont utilis\u00e9s pour cibler la publicit\u00e9 en fonction du contenu pertinent pour un utilisateur, am\u00e9liorant ainsi la qualit\u00e9 de l'exp\u00e9rience de l'utilisateur.<\/p><p>Nous utilisons notamment les services Google Adsense et Google Analytics pour nos statistiques et notre publicit\u00e9. Certains cookies sont essentiels au fonctionnement du site, par exemple le moteur de recherche int\u00e9gr\u00e9.<br \/>Notre site comprend d'autres fonctionnalit\u00e9s fournies par des tiers. Vous pouvez facilement partager le contenu sur des r\u00e9seaux sociaux tels que Facebook, Twitter ou Google +, gr\u00e2ce aux boutons que nous avons inclus \u00e0 cet effet.<\/p><h5 style=\"font-size: 18; font-weight: 500;\">AVERTISSEMENT CONCERNANT LA SUPPRESSION DES COOKIES.<\/h5><p style=\"font-size: 16; font-weight: 400;\">Vous pouvez supprimer et bloquer tous les cookies de ce site, mais une partie du site ne fonctionnera pas ou la qualit\u00e9 de la page web peut \u00eatre affect\u00e9e.<br \/>Si vous avez des questions concernant notre politique en mati\u00e8re de cookies, vous pouvez contacter ce site web par l'interm\u00e9diaire de nos canaux de contact.<\/p>\t\t\t\t\t\t\t\t<\/div>\n\t\t\t\t<\/div>\n\t\t\t\t\t<\/div>\n\t\t\t\t<\/div>\n\t\t<div class=\"elementor-element elementor-element-2d4b41b e-flex e-con-boxed e-con e-parent\" data-id=\"2d4b41b\" data-element_type=\"container\" data-e-type=\"container\">\n\t\t\t\t\t<div class=\"e-con-inner\">\n\t\t\t\t<div class=\"elementor-element elementor-element-425a62f elementor-widget elementor-widget-spacer\" data-id=\"425a62f\" data-element_type=\"widget\" data-e-type=\"widget\" data-widget_type=\"spacer.default\">\n\t\t\t\t<div class=\"elementor-widget-container\">\n\t\t\t\t\t\t\t<div class=\"elementor-spacer\">\n\t\t\t<div class=\"elementor-spacer-inner\"><\/div>\n\t\t<\/div>\n\t\t\t\t\t\t<\/div>\n\t\t\t\t<\/div>\n\t\t\t\t\t<\/div>\n\t\t\t\t<\/div>\n\t\t\t\t<\/div>","protected":false},"excerpt":{"rendered":"<p>Inicio &gt;&gt; Pol\u00edticas de Cookies Pol\u00edticas de Cookies En cumplimiento con lo dispuesto en el art\u00edculo 22.2 de la Ley 34\/2002, de 11 de julio, de Servicios de la Sociedad [&hellip;]<\/p>\n","protected":false},"author":1,"featured_media":0,"parent":0,"menu_order":0,"comment_status":"closed","ping_status":"closed","template":"","meta":{"_joinchat":[],"footnotes":""},"class_list":["post-827","page","type-page","status-publish","hentry"],"_links":{"self":[{"href":"https:\/\/globalgreeneurope.com\/fr\/wp-json\/wp\/v2\/pages\/827","targetHints":{"allow":["GET"]}}],"collection":[{"href":"https:\/\/globalgreeneurope.com\/fr\/wp-json\/wp\/v2\/pages"}],"about":[{"href":"https:\/\/globalgreeneurope.com\/fr\/wp-json\/wp\/v2\/types\/page"}],"author":[{"embeddable":true,"href":"https:\/\/globalgreeneurope.com\/fr\/wp-json\/wp\/v2\/users\/1"}],"replies":[{"embeddable":true,"href":"https:\/\/globalgreeneurope.com\/fr\/wp-json\/wp\/v2\/comments?post=827"}],"version-history":[{"count":53,"href":"https:\/\/globalgreeneurope.com\/fr\/wp-json\/wp\/v2\/pages\/827\/revisions"}],"predecessor-version":[{"id":5202,"href":"https:\/\/globalgreeneurope.com\/fr\/wp-json\/wp\/v2\/pages\/827\/revisions\/5202"}],"wp:attachment":[{"href":"https:\/\/globalgreeneurope.com\/fr\/wp-json\/wp\/v2\/media?parent=827"}],"curies":[{"name":"wp","href":"https:\/\/api.w.org\/{rel}","templated":true}]}}